{"id":574,"date":"2023-11-02T15:09:06","date_gmt":"2023-11-02T14:09:06","guid":{"rendered":"https:\/\/www.uebersetzer-texter.de\/devis-gratuit\/"},"modified":"2024-04-04T09:13:25","modified_gmt":"2024-04-04T07:13:25","slug":"devis-gratuit","status":"publish","type":"page","link":"https:\/\/www.uebersetzer-texter.de\/fr\/devis-gratuit\/","title":{"rendered":"Devis gratuit"},"content":{"rendered":"\n<p>Veuillez remplir les champs suivants et t\u00e9l\u00e9charger un fichier (facultatif) si vous souhaitez recevoir une offre pour une traduction, la correction d&rsquo;une traduction ou des textes. Je vous contacterai d\u00e8s que possible.<\/p>\n\n<p>Veuillez indiquer vos coordonn\u00e9es dans les champs de cette page et t\u00e9l\u00e9charger le fichier \u00e0 traduire dans un format pouvant \u00eatre trait\u00e9 par des programmes de traduction tels que SDL Trados, c&rsquo;est-\u00e0-dire des fichiers avec l&rsquo;extension .docx, .xls ou .txt par exemple, et non au format PDF. La fonction OCR des programmes de traduction ne saisit pas toujours correctement le texte des fichiers PDF, en particulier les caract\u00e8res sp\u00e9ciaux et le formatage. Merci de votre compr\u00e9hension.<\/p>\n","protected":false},"excerpt":{"rendered":"<p>Veuillez remplir les champs suivants et t\u00e9l\u00e9charger un fichier (facultatif) si vous souhaitez recevoir une offre pour une traduction, la correction d&rsquo;une traduction ou des textes. Je vous contacterai d\u00e8s que possible. Veuillez indiquer vos coordonn\u00e9es dans les champs de cette page et t\u00e9l\u00e9charger le fichier \u00e0 traduire dans un format pouvant \u00eatre trait\u00e9 par &#8230; <a title=\"Devis gratuit\" class=\"read-more\" href=\"https:\/\/www.uebersetzer-texter.de\/fr\/devis-gratuit\/\" aria-label=\"En savoir plus sur Devis gratuit\">Lire plus<\/a><\/p>\n","protected":false},"author":3,"featured_media":0,"parent":0,"menu_order":0,"comment_status":"closed","ping_status":"closed","template":"","meta":{"inline_featured_image":false,"footnotes":""},"class_list":["post-574","page","type-page","status-publish"],"yoast_head":"<!-- This site is optimized with the Yoast SEO plugin v27.5 - https:\/\/yoast.com\/product\/yoast-seo-wordpress\/ -->\n<title>Devis gratuit -<\/title>\n<meta name=\"robots\" content=\"index, follow, max-snippet:-1, max-image-preview:large, max-video-preview:-1\" \/>\n<link rel=\"canonical\" href=\"https:\/\/www.uebersetzer-texter.de\/fr\/devis-gratuit\/\" \/>\n<meta property=\"og:locale\" content=\"fr_FR\" \/>\n<meta property=\"og:type\" content=\"article\" \/>\n<meta property=\"og:title\" content=\"Devis gratuit -\" \/>\n<meta property=\"og:description\" content=\"Veuillez remplir les champs suivants et t\u00e9l\u00e9charger un fichier (facultatif) si vous souhaitez recevoir une offre pour une traduction, la correction d&rsquo;une traduction ou des textes. Je vous contacterai d\u00e8s que possible. Veuillez indiquer vos coordonn\u00e9es dans les champs de cette page et t\u00e9l\u00e9charger le fichier \u00e0 traduire dans un format pouvant \u00eatre trait\u00e9 par ... Lire plus\" \/>\n<meta property=\"og:url\" content=\"https:\/\/www.uebersetzer-texter.de\/fr\/devis-gratuit\/\" \/>\n<meta property=\"article:modified_time\" content=\"2024-04-04T07:13:25+00:00\" \/>\n<meta name=\"twitter:card\" content=\"summary_large_image\" \/>\n<meta name=\"twitter:label1\" content=\"Dur\u00e9e de lecture estim\u00e9e\" \/>\n\t<meta name=\"twitter:data1\" content=\"1 minute\" \/>\n<script type=\"application\/ld+json\" class=\"yoast-schema-graph\">{\"@context\":\"https:\\\/\\\/schema.org\",\"@graph\":[{\"@type\":\"WebPage\",\"@id\":\"https:\\\/\\\/www.uebersetzer-texter.de\\\/fr\\\/devis-gratuit\\\/\",\"url\":\"https:\\\/\\\/www.uebersetzer-texter.de\\\/fr\\\/devis-gratuit\\\/\",\"name\":\"Devis gratuit -\",\"isPartOf\":{\"@id\":\"https:\\\/\\\/www.uebersetzer-texter.de\\\/fr\\\/#website\"},\"datePublished\":\"2023-11-02T14:09:06+00:00\",\"dateModified\":\"2024-04-04T07:13:25+00:00\",\"breadcrumb\":{\"@id\":\"https:\\\/\\\/www.uebersetzer-texter.de\\\/fr\\\/devis-gratuit\\\/#breadcrumb\"},\"inLanguage\":\"fr-FR\",\"potentialAction\":[{\"@type\":\"ReadAction\",\"target\":[\"https:\\\/\\\/www.uebersetzer-texter.de\\\/fr\\\/devis-gratuit\\\/\"]}]},{\"@type\":\"BreadcrumbList\",\"@id\":\"https:\\\/\\\/www.uebersetzer-texter.de\\\/fr\\\/devis-gratuit\\\/#breadcrumb\",\"itemListElement\":[{\"@type\":\"ListItem\",\"position\":1,\"name\":\"Startseite\",\"item\":\"https:\\\/\\\/www.uebersetzer-texter.de\\\/fr\\\/\"},{\"@type\":\"ListItem\",\"position\":2,\"name\":\"Devis gratuit\"}]},{\"@type\":\"WebSite\",\"@id\":\"https:\\\/\\\/www.uebersetzer-texter.de\\\/fr\\\/#website\",\"url\":\"https:\\\/\\\/www.uebersetzer-texter.de\\\/fr\\\/\",\"name\":\"Peter Sch\u00e4fermeier \u2013 \u00dcbersetzer und Texter\",\"description\":\"Fachgebiete: Marketing, Human Resources, Tourismus, Reisen, PR, Journalismus, psychologische Beratung\",\"publisher\":{\"@id\":\"https:\\\/\\\/www.uebersetzer-texter.de\\\/fr\\\/#organization\"},\"potentialAction\":[{\"@type\":\"SearchAction\",\"target\":{\"@type\":\"EntryPoint\",\"urlTemplate\":\"https:\\\/\\\/www.uebersetzer-texter.de\\\/fr\\\/?s={search_term_string}\"},\"query-input\":{\"@type\":\"PropertyValueSpecification\",\"valueRequired\":true,\"valueName\":\"search_term_string\"}}],\"inLanguage\":\"fr-FR\"},{\"@type\":\"Organization\",\"@id\":\"https:\\\/\\\/www.uebersetzer-texter.de\\\/fr\\\/#organization\",\"name\":\"Peter Sch\u00e4fermeier \u2013 \u00dcbersetzer und Texter\",\"url\":\"https:\\\/\\\/www.uebersetzer-texter.de\\\/fr\\\/\",\"logo\":{\"@type\":\"ImageObject\",\"inLanguage\":\"fr-FR\",\"@id\":\"https:\\\/\\\/www.uebersetzer-texter.de\\\/fr\\\/#\\\/schema\\\/logo\\\/image\\\/\",\"url\":\"https:\\\/\\\/www.uebersetzer-texter.de\\\/wp-content\\\/uploads\\\/2023\\\/11\\\/Text-logo.svg\",\"contentUrl\":\"https:\\\/\\\/www.uebersetzer-texter.de\\\/wp-content\\\/uploads\\\/2023\\\/11\\\/Text-logo.svg\",\"width\":500,\"height\":500,\"caption\":\"Peter Sch\u00e4fermeier \u2013 \u00dcbersetzer und Texter\"},\"image\":{\"@id\":\"https:\\\/\\\/www.uebersetzer-texter.de\\\/fr\\\/#\\\/schema\\\/logo\\\/image\\\/\"},\"sameAs\":[\"https:\\\/\\\/www.linkedin.com\\\/in\\\/peter-schaefermeier\\\/\"]}]}<\/script>\n<!-- \/ Yoast SEO plugin. -->","yoast_head_json":{"title":"Devis gratuit -","robots":{"index":"index","follow":"follow","max-snippet":"max-snippet:-1","max-image-preview":"max-image-preview:large","max-video-preview":"max-video-preview:-1"},"canonical":"https:\/\/www.uebersetzer-texter.de\/fr\/devis-gratuit\/","og_locale":"fr_FR","og_type":"article","og_title":"Devis gratuit -","og_description":"Veuillez remplir les champs suivants et t\u00e9l\u00e9charger un fichier (facultatif) si vous souhaitez recevoir une offre pour une traduction, la correction d&rsquo;une traduction ou des textes. Je vous contacterai d\u00e8s que possible. Veuillez indiquer vos coordonn\u00e9es dans les champs de cette page et t\u00e9l\u00e9charger le fichier \u00e0 traduire dans un format pouvant \u00eatre trait\u00e9 par ... Lire plus","og_url":"https:\/\/www.uebersetzer-texter.de\/fr\/devis-gratuit\/","article_modified_time":"2024-04-04T07:13:25+00:00","twitter_card":"summary_large_image","twitter_misc":{"Dur\u00e9e de lecture estim\u00e9e":"1 minute"},"schema":{"@context":"https:\/\/schema.org","@graph":[{"@type":"WebPage","@id":"https:\/\/www.uebersetzer-texter.de\/fr\/devis-gratuit\/","url":"https:\/\/www.uebersetzer-texter.de\/fr\/devis-gratuit\/","name":"Devis gratuit -","isPartOf":{"@id":"https:\/\/www.uebersetzer-texter.de\/fr\/#website"},"datePublished":"2023-11-02T14:09:06+00:00","dateModified":"2024-04-04T07:13:25+00:00","breadcrumb":{"@id":"https:\/\/www.uebersetzer-texter.de\/fr\/devis-gratuit\/#breadcrumb"},"inLanguage":"fr-FR","potentialAction":[{"@type":"ReadAction","target":["https:\/\/www.uebersetzer-texter.de\/fr\/devis-gratuit\/"]}]},{"@type":"BreadcrumbList","@id":"https:\/\/www.uebersetzer-texter.de\/fr\/devis-gratuit\/#breadcrumb","itemListElement":[{"@type":"ListItem","position":1,"name":"Startseite","item":"https:\/\/www.uebersetzer-texter.de\/fr\/"},{"@type":"ListItem","position":2,"name":"Devis gratuit"}]},{"@type":"WebSite","@id":"https:\/\/www.uebersetzer-texter.de\/fr\/#website","url":"https:\/\/www.uebersetzer-texter.de\/fr\/","name":"Peter Sch\u00e4fermeier \u2013 \u00dcbersetzer und Texter","description":"Fachgebiete: Marketing, Human Resources, Tourismus, Reisen, PR, Journalismus, psychologische Beratung","publisher":{"@id":"https:\/\/www.uebersetzer-texter.de\/fr\/#organization"},"potentialAction":[{"@type":"SearchAction","target":{"@type":"EntryPoint","urlTemplate":"https:\/\/www.uebersetzer-texter.de\/fr\/?s={search_term_string}"},"query-input":{"@type":"PropertyValueSpecification","valueRequired":true,"valueName":"search_term_string"}}],"inLanguage":"fr-FR"},{"@type":"Organization","@id":"https:\/\/www.uebersetzer-texter.de\/fr\/#organization","name":"Peter Sch\u00e4fermeier \u2013 \u00dcbersetzer und Texter","url":"https:\/\/www.uebersetzer-texter.de\/fr\/","logo":{"@type":"ImageObject","inLanguage":"fr-FR","@id":"https:\/\/www.uebersetzer-texter.de\/fr\/#\/schema\/logo\/image\/","url":"https:\/\/www.uebersetzer-texter.de\/wp-content\/uploads\/2023\/11\/Text-logo.svg","contentUrl":"https:\/\/www.uebersetzer-texter.de\/wp-content\/uploads\/2023\/11\/Text-logo.svg","width":500,"height":500,"caption":"Peter Sch\u00e4fermeier \u2013 \u00dcbersetzer und Texter"},"image":{"@id":"https:\/\/www.uebersetzer-texter.de\/fr\/#\/schema\/logo\/image\/"},"sameAs":["https:\/\/www.linkedin.com\/in\/peter-schaefermeier\/"]}]}},"_links":{"self":[{"href":"https:\/\/www.uebersetzer-texter.de\/fr\/wp-json\/wp\/v2\/pages\/574","targetHints":{"allow":["GET"]}}],"collection":[{"href":"https:\/\/www.uebersetzer-texter.de\/fr\/wp-json\/wp\/v2\/pages"}],"about":[{"href":"https:\/\/www.uebersetzer-texter.de\/fr\/wp-json\/wp\/v2\/types\/page"}],"author":[{"embeddable":true,"href":"https:\/\/www.uebersetzer-texter.de\/fr\/wp-json\/wp\/v2\/users\/3"}],"replies":[{"embeddable":true,"href":"https:\/\/www.uebersetzer-texter.de\/fr\/wp-json\/wp\/v2\/comments?post=574"}],"version-history":[{"count":0,"href":"https:\/\/www.uebersetzer-texter.de\/fr\/wp-json\/wp\/v2\/pages\/574\/revisions"}],"wp:attachment":[{"href":"https:\/\/www.uebersetzer-texter.de\/fr\/wp-json\/wp\/v2\/media?parent=574"}],"curies":[{"name":"wp","href":"https:\/\/api.w.org\/{rel}","templated":true}]}}