{"id":529,"date":"2023-08-26T08:40:16","date_gmt":"2023-08-26T06:40:16","guid":{"rendered":"https:\/\/www.uebersetzer-texter.de\/peter-schaefermeier-traducteur-et-redacteur-publicitaire\/"},"modified":"2023-11-18T16:11:39","modified_gmt":"2023-11-18T15:11:39","slug":"peter-schaefermeier-traducteur-et-redacteur-publicitaire","status":"publish","type":"page","link":"https:\/\/www.uebersetzer-texter.de\/fr\/","title":{"rendered":"Peter Sch\u00e4fermeier \u2013 Traducteur et r\u00e9dacteur publicitaire"},"content":{"rendered":"\n<div class=\"wp-block-columns is-layout-flex wp-container-core-columns-is-layout-9d6595d7 wp-block-columns-is-layout-flex\">\n<div class=\"wp-block-column is-layout-flow wp-block-column-is-layout-flow\" style=\"flex-basis:100%\"><div class=\"gb-grid-wrapper gb-grid-wrapper-59f54fe4\">\n<div class=\"gb-grid-column gb-grid-column-0f4e41a3\"><div class=\"gb-container gb-container-0f4e41a3\">\n\n<h4 class=\"wp-block-heading\" id=\"h-englisch-deutsch-franzosisch-deutsch\"><strong>Anglais \u2013 Allemand, Fran\u00e7ais \u2013 Allemand<\/strong><\/h4>\n\n<\/div><\/div>\n<\/div><\/div>\n<\/div>\n\n\n<div class=\"gb-container gb-container-a5a7dbe3\">\n<div class=\"gb-grid-wrapper gb-grid-wrapper-addc3a41\">\n<div class=\"gb-grid-column gb-grid-column-99df7515\"><div class=\"gb-container gb-container-99df7515\">\n\n<p>Traducteur, Translation Manager, consultant en traduction anglais &gt; allemand, fran\u00e7ais &gt; allemand<\/p>\n\n\n<div class=\"gb-container gb-container-00f8f169\">\n\n<p><strong>Domaines de sp\u00e9cialisation : photographie, sites web, e-commerce, marketing, ressources humaines, tourisme, voyages, relations publiques, journalisme, conseil psychologique, conseil aux enfants, aux jeunes et aux familles<\/strong><\/p>\n\n\n\n<p><strong>Online Marketing Manager<\/strong> : Traduction SEO, traduction SEM, correction de sites traduits et analyse en termes de mots-cl\u00e9s, de convivialit\u00e9, de fonctionnalit\u00e9, de structure<\/p>\n\n<\/div>\n\n\n<p><strong>R\u00e9dacteur, domaines de sp\u00e9cialisation : photographie, psychologie, conseil psychologique, conseil aux enfants, aux jeunes et aux familles, voyages\/tourisme<\/strong><\/p>\n\n\n\n<p>Ma\u00eetrise en philosophie, Haute \u00e9cole de philosophie (Munich)<\/p>\n\n\n\n<p>Online Marketing Manager, ptm-Akademie, Munich, Allemagne<\/p>\n\n\n\n<p>Je travaille pour vous en distanciel \u00e0 l\u2019\u00e9chelle internationale ou r\u00e9gionale, aux alentours de Soest, au sein de votre entreprise ou institution.<\/p>\n\n<\/div><\/div>\n\n<div class=\"gb-grid-column gb-grid-column-49566b37\"><div class=\"gb-container gb-container-49566b37\">\n<div class=\"wp-block-image\">\n<figure class=\"aligncenter size-full\"><img loading=\"lazy\" decoding=\"async\" width=\"374\" height=\"522\" src=\"https:\/\/www.uebersetzer-texter.de\/wp-content\/uploads\/2023\/11\/Portrait-mf.jpg\" alt=\"Portrait\" class=\"wp-image-226\" srcset=\"https:\/\/www.uebersetzer-texter.de\/wp-content\/uploads\/2023\/11\/Portrait-mf.jpg 374w, https:\/\/www.uebersetzer-texter.de\/wp-content\/uploads\/2023\/11\/Portrait-mf-215x300.jpg 215w\" sizes=\"auto, (max-width: 374px) 100vw, 374px\" \/><\/figure>\n<\/div>\n<\/div><\/div>\n<\/div>\n<\/div>\n\n<div class=\"gb-container gb-container-2d67008d\">\n<div class=\"gb-container gb-container-f20bc6c1\">\n\n<div class=\"wp-block-columns is-layout-flex wp-container-core-columns-is-layout-9d6595d7 wp-block-columns-is-layout-flex\">\n<div class=\"wp-block-column is-layout-flow wp-block-column-is-layout-flow\" style=\"flex-basis:33.34%\"><div class=\"gb-grid-wrapper gb-grid-wrapper-0e12ce65\">\n<div class=\"gb-grid-column gb-grid-column-43812182\"><div class=\"gb-container gb-container-43812182\">\n\n<div class=\"wp-block-buttons is-layout-flex wp-block-buttons-is-layout-flex\">\n<div class=\"wp-block-button\"><a class=\"wp-block-button__link wp-element-button\" href=\"https:\/\/uebersetzer-texter.de\/kostenloses-angebot\/\">Devis gratuit<\/a><\/div>\n<\/div>\n\n<\/div><\/div>\n<\/div><\/div>\n\n\n\n<div class=\"wp-block-column is-layout-flow wp-block-column-is-layout-flow\" style=\"flex-basis:33.33%\"><\/div>\n<\/div>\n\n<\/div>\n<\/div>\n\n\n<div class=\"wp-block-columns is-layout-flex wp-container-core-columns-is-layout-9d6595d7 wp-block-columns-is-layout-flex\">\n<div class=\"wp-block-column is-layout-flow wp-block-column-is-layout-flow\"><div class=\"wp-block-image\">\n<figure class=\"aligncenter size-full\"><img loading=\"lazy\" decoding=\"async\" width=\"600\" height=\"442\" src=\"https:\/\/uebersetzer-texter.de\/wp-content\/uploads\/2023\/11\/Datenschutz-web.jpg\" alt=\"\" class=\"wp-image-437\" srcset=\"https:\/\/www.uebersetzer-texter.de\/wp-content\/uploads\/2023\/11\/Datenschutz-web.jpg 600w, https:\/\/www.uebersetzer-texter.de\/wp-content\/uploads\/2023\/11\/Datenschutz-web-300x221.jpg 300w\" sizes=\"auto, (max-width: 600px) 100vw, 600px\" \/><\/figure>\n<\/div><\/div>\n\n\n\n<div class=\"wp-block-column is-layout-flow wp-block-column-is-layout-flow\">\n<h2 class=\"wp-block-heading\" id=\"h-bestatigte-ubersetzungen-dateiformate-und-datensicherheit\">Traductions certifi\u00e9es, formats de fichiers et s\u00e9curit\u00e9 des donn\u00e9es<\/h2>\n\n\n\n<p>J\u2019exerce cette profession depuis 16 ans et pour des raisons de qualit\u00e9, je ne traduis que vers ma langue maternelle, l&rsquo;allemand. Les traductions vers l&rsquo;anglais ou le fran\u00e7ais sont assur\u00e9es par des coll\u00e8gues qualifi\u00e9s dont c&rsquo;est la langue maternelle. Merci de n&rsquo;envoyer vos documents que dans des formats \u00e9ditables (p. ex. : .docx, .txt ou .xls) adapt\u00e9s aux programmes de traduction. Nous n\u2019acceptons des fichiers PDF que pour des traductions certifi\u00e9es ou asserment\u00e9es destin\u00e9es aux tribunaux, autorit\u00e9s ou notaires. Ce type de documents, qu\u2019il s\u2019agisse d\u2019actes, de dossier de mariage, de permis de conduire, de proc\u00e8s-verbaux de d\u00e9claration, etc. est \u00e9galement pris en charge par mes coll\u00e8gues. Je vous enverrai tout d&rsquo;abord une offre non contractuelle.<\/p>\n\n\n\n<p>J\u2019attache beaucoup d\u2019importance \u00e0 la protection de vos donn\u00e9es. C&rsquo;est pourquoi les documents originaux et les traductions sont exclusivement stock\u00e9s sur des disques durs non connect\u00e9s \u00e0 Internet, sauf si les textes sont envoy\u00e9s ou re\u00e7us par une messagerie \u00e9lectronique ou traduits automatiquement. En outre, des processus stricts de s\u00e9curit\u00e9 des donn\u00e9es s&rsquo;appliquent au bureau. Nous n&rsquo;utilisons par exemple que des connexions Internet filaires.<\/p>\n<\/div>\n<\/div>\n","protected":false},"excerpt":{"rendered":"<p>Traductions certifi\u00e9es, formats de fichiers et s\u00e9curit\u00e9 des donn\u00e9es J\u2019exerce cette profession depuis 16 ans et pour des raisons de qualit\u00e9, je ne traduis que vers ma langue maternelle, l&rsquo;allemand. Les traductions vers l&rsquo;anglais ou le fran\u00e7ais sont assur\u00e9es par des coll\u00e8gues qualifi\u00e9s dont c&rsquo;est la langue maternelle. Merci de n&rsquo;envoyer vos documents que dans &#8230; <a title=\"Peter Sch\u00e4fermeier \u2013 Traducteur et r\u00e9dacteur publicitaire\" class=\"read-more\" href=\"https:\/\/www.uebersetzer-texter.de\/fr\/\" aria-label=\"En savoir plus sur Peter Sch\u00e4fermeier \u2013 Traducteur et r\u00e9dacteur publicitaire\">Lire plus<\/a><\/p>\n","protected":false},"author":3,"featured_media":0,"parent":0,"menu_order":0,"comment_status":"closed","ping_status":"closed","template":"","meta":{"inline_featured_image":false,"footnotes":""},"class_list":["post-529","page","type-page","status-publish"],"yoast_head":"<!-- This site is optimized with the Yoast SEO plugin v27.5 - https:\/\/yoast.com\/product\/yoast-seo-wordpress\/ -->\n<title>Peter Sch\u00e4fermeier \u2013 Traducteur et r\u00e9dacteur publicitaire -<\/title>\n<meta name=\"description\" content=\"Votre contenu traduit en anglais, fran\u00e7ais et allemand. \u2705 Photographie, e-commerce, marketing, ressources humaines, voyages \u2705 optimis\u00e9 pour le SEO \ud83d\udc4d\ufe0f\" \/>\n<meta name=\"robots\" content=\"index, follow, max-snippet:-1, max-image-preview:large, max-video-preview:-1\" \/>\n<link rel=\"canonical\" href=\"https:\/\/www.uebersetzer-texter.de\/fr\/\" \/>\n<meta property=\"og:locale\" content=\"fr_FR\" \/>\n<meta property=\"og:type\" content=\"article\" \/>\n<meta property=\"og:title\" content=\"Peter Sch\u00e4fermeier \u2013 Traducteur et r\u00e9dacteur publicitaire -\" \/>\n<meta property=\"og:description\" content=\"Votre contenu traduit en anglais, fran\u00e7ais et allemand. \u2705 Photographie, e-commerce, marketing, ressources humaines, voyages \u2705 optimis\u00e9 pour le SEO \ud83d\udc4d\ufe0f\" \/>\n<meta property=\"og:url\" content=\"https:\/\/www.uebersetzer-texter.de\/fr\/\" \/>\n<meta property=\"article:modified_time\" content=\"2023-11-18T15:11:39+00:00\" \/>\n<meta property=\"og:image\" content=\"https:\/\/www.uebersetzer-texter.de\/wp-content\/uploads\/2023\/11\/Portrait-mf.jpg\" \/>\n<meta name=\"twitter:card\" content=\"summary_large_image\" \/>\n<meta name=\"twitter:label1\" content=\"Dur\u00e9e de lecture estim\u00e9e\" \/>\n\t<meta name=\"twitter:data1\" content=\"2 minutes\" \/>\n<script type=\"application\/ld+json\" class=\"yoast-schema-graph\">{\"@context\":\"https:\\\/\\\/schema.org\",\"@graph\":[{\"@type\":\"WebPage\",\"@id\":\"https:\\\/\\\/www.uebersetzer-texter.de\\\/fr\\\/\",\"url\":\"https:\\\/\\\/www.uebersetzer-texter.de\\\/fr\\\/\",\"name\":\"Peter Sch\u00e4fermeier \u2013 Traducteur et r\u00e9dacteur publicitaire -\",\"isPartOf\":{\"@id\":\"https:\\\/\\\/www.uebersetzer-texter.de\\\/fr\\\/#website\"},\"primaryImageOfPage\":{\"@id\":\"https:\\\/\\\/www.uebersetzer-texter.de\\\/fr\\\/#primaryimage\"},\"image\":{\"@id\":\"https:\\\/\\\/www.uebersetzer-texter.de\\\/fr\\\/#primaryimage\"},\"thumbnailUrl\":\"https:\\\/\\\/www.uebersetzer-texter.de\\\/wp-content\\\/uploads\\\/2023\\\/11\\\/Portrait-mf.jpg\",\"datePublished\":\"2023-08-26T06:40:16+00:00\",\"dateModified\":\"2023-11-18T15:11:39+00:00\",\"description\":\"Votre contenu traduit en anglais, fran\u00e7ais et allemand. \u2705 Photographie, e-commerce, marketing, ressources humaines, voyages \u2705 optimis\u00e9 pour le SEO \ud83d\udc4d\ufe0f\",\"breadcrumb\":{\"@id\":\"https:\\\/\\\/www.uebersetzer-texter.de\\\/fr\\\/#breadcrumb\"},\"inLanguage\":\"fr-FR\",\"potentialAction\":[{\"@type\":\"ReadAction\",\"target\":[\"https:\\\/\\\/www.uebersetzer-texter.de\\\/fr\\\/\"]}]},{\"@type\":\"ImageObject\",\"inLanguage\":\"fr-FR\",\"@id\":\"https:\\\/\\\/www.uebersetzer-texter.de\\\/fr\\\/#primaryimage\",\"url\":\"https:\\\/\\\/www.uebersetzer-texter.de\\\/wp-content\\\/uploads\\\/2023\\\/11\\\/Portrait-mf.jpg\",\"contentUrl\":\"https:\\\/\\\/www.uebersetzer-texter.de\\\/wp-content\\\/uploads\\\/2023\\\/11\\\/Portrait-mf.jpg\"},{\"@type\":\"BreadcrumbList\",\"@id\":\"https:\\\/\\\/www.uebersetzer-texter.de\\\/fr\\\/#breadcrumb\",\"itemListElement\":[{\"@type\":\"ListItem\",\"position\":1,\"name\":\"Startseite\",\"item\":\"https:\\\/\\\/www.uebersetzer-texter.de\\\/fr\\\/\"},{\"@type\":\"ListItem\",\"position\":2,\"name\":\"Peter Sch\u00e4fermeier \u2013 Traducteur et r\u00e9dacteur publicitaire\"}]},{\"@type\":\"WebSite\",\"@id\":\"https:\\\/\\\/www.uebersetzer-texter.de\\\/fr\\\/#website\",\"url\":\"https:\\\/\\\/www.uebersetzer-texter.de\\\/fr\\\/\",\"name\":\"Peter Sch\u00e4fermeier \u2013 \u00dcbersetzer und Texter\",\"description\":\"Fachgebiete: Marketing, Human Resources, Tourismus, Reisen, PR, Journalismus, psychologische Beratung\",\"publisher\":{\"@id\":\"https:\\\/\\\/www.uebersetzer-texter.de\\\/fr\\\/#organization\"},\"potentialAction\":[{\"@type\":\"SearchAction\",\"target\":{\"@type\":\"EntryPoint\",\"urlTemplate\":\"https:\\\/\\\/www.uebersetzer-texter.de\\\/fr\\\/?s={search_term_string}\"},\"query-input\":{\"@type\":\"PropertyValueSpecification\",\"valueRequired\":true,\"valueName\":\"search_term_string\"}}],\"inLanguage\":\"fr-FR\"},{\"@type\":\"Organization\",\"@id\":\"https:\\\/\\\/www.uebersetzer-texter.de\\\/fr\\\/#organization\",\"name\":\"Peter Sch\u00e4fermeier \u2013 \u00dcbersetzer und Texter\",\"url\":\"https:\\\/\\\/www.uebersetzer-texter.de\\\/fr\\\/\",\"logo\":{\"@type\":\"ImageObject\",\"inLanguage\":\"fr-FR\",\"@id\":\"https:\\\/\\\/www.uebersetzer-texter.de\\\/fr\\\/#\\\/schema\\\/logo\\\/image\\\/\",\"url\":\"https:\\\/\\\/www.uebersetzer-texter.de\\\/wp-content\\\/uploads\\\/2023\\\/11\\\/Text-logo.svg\",\"contentUrl\":\"https:\\\/\\\/www.uebersetzer-texter.de\\\/wp-content\\\/uploads\\\/2023\\\/11\\\/Text-logo.svg\",\"width\":500,\"height\":500,\"caption\":\"Peter Sch\u00e4fermeier \u2013 \u00dcbersetzer und Texter\"},\"image\":{\"@id\":\"https:\\\/\\\/www.uebersetzer-texter.de\\\/fr\\\/#\\\/schema\\\/logo\\\/image\\\/\"},\"sameAs\":[\"https:\\\/\\\/www.linkedin.com\\\/in\\\/peter-schaefermeier\\\/\"]}]}<\/script>\n<!-- \/ Yoast SEO plugin. -->","yoast_head_json":{"title":"Peter Sch\u00e4fermeier \u2013 Traducteur et r\u00e9dacteur publicitaire -","description":"Votre contenu traduit en anglais, fran\u00e7ais et allemand. \u2705 Photographie, e-commerce, marketing, ressources humaines, voyages \u2705 optimis\u00e9 pour le SEO \ud83d\udc4d\ufe0f","robots":{"index":"index","follow":"follow","max-snippet":"max-snippet:-1","max-image-preview":"max-image-preview:large","max-video-preview":"max-video-preview:-1"},"canonical":"https:\/\/www.uebersetzer-texter.de\/fr\/","og_locale":"fr_FR","og_type":"article","og_title":"Peter Sch\u00e4fermeier \u2013 Traducteur et r\u00e9dacteur publicitaire -","og_description":"Votre contenu traduit en anglais, fran\u00e7ais et allemand. \u2705 Photographie, e-commerce, marketing, ressources humaines, voyages \u2705 optimis\u00e9 pour le SEO \ud83d\udc4d\ufe0f","og_url":"https:\/\/www.uebersetzer-texter.de\/fr\/","article_modified_time":"2023-11-18T15:11:39+00:00","og_image":[{"url":"https:\/\/www.uebersetzer-texter.de\/wp-content\/uploads\/2023\/11\/Portrait-mf.jpg","type":"","width":"","height":""}],"twitter_card":"summary_large_image","twitter_misc":{"Dur\u00e9e de lecture estim\u00e9e":"2 minutes"},"schema":{"@context":"https:\/\/schema.org","@graph":[{"@type":"WebPage","@id":"https:\/\/www.uebersetzer-texter.de\/fr\/","url":"https:\/\/www.uebersetzer-texter.de\/fr\/","name":"Peter Sch\u00e4fermeier \u2013 Traducteur et r\u00e9dacteur publicitaire -","isPartOf":{"@id":"https:\/\/www.uebersetzer-texter.de\/fr\/#website"},"primaryImageOfPage":{"@id":"https:\/\/www.uebersetzer-texter.de\/fr\/#primaryimage"},"image":{"@id":"https:\/\/www.uebersetzer-texter.de\/fr\/#primaryimage"},"thumbnailUrl":"https:\/\/www.uebersetzer-texter.de\/wp-content\/uploads\/2023\/11\/Portrait-mf.jpg","datePublished":"2023-08-26T06:40:16+00:00","dateModified":"2023-11-18T15:11:39+00:00","description":"Votre contenu traduit en anglais, fran\u00e7ais et allemand. \u2705 Photographie, e-commerce, marketing, ressources humaines, voyages \u2705 optimis\u00e9 pour le SEO \ud83d\udc4d\ufe0f","breadcrumb":{"@id":"https:\/\/www.uebersetzer-texter.de\/fr\/#breadcrumb"},"inLanguage":"fr-FR","potentialAction":[{"@type":"ReadAction","target":["https:\/\/www.uebersetzer-texter.de\/fr\/"]}]},{"@type":"ImageObject","inLanguage":"fr-FR","@id":"https:\/\/www.uebersetzer-texter.de\/fr\/#primaryimage","url":"https:\/\/www.uebersetzer-texter.de\/wp-content\/uploads\/2023\/11\/Portrait-mf.jpg","contentUrl":"https:\/\/www.uebersetzer-texter.de\/wp-content\/uploads\/2023\/11\/Portrait-mf.jpg"},{"@type":"BreadcrumbList","@id":"https:\/\/www.uebersetzer-texter.de\/fr\/#breadcrumb","itemListElement":[{"@type":"ListItem","position":1,"name":"Startseite","item":"https:\/\/www.uebersetzer-texter.de\/fr\/"},{"@type":"ListItem","position":2,"name":"Peter Sch\u00e4fermeier \u2013 Traducteur et r\u00e9dacteur publicitaire"}]},{"@type":"WebSite","@id":"https:\/\/www.uebersetzer-texter.de\/fr\/#website","url":"https:\/\/www.uebersetzer-texter.de\/fr\/","name":"Peter Sch\u00e4fermeier \u2013 \u00dcbersetzer und Texter","description":"Fachgebiete: Marketing, Human Resources, Tourismus, Reisen, PR, Journalismus, psychologische Beratung","publisher":{"@id":"https:\/\/www.uebersetzer-texter.de\/fr\/#organization"},"potentialAction":[{"@type":"SearchAction","target":{"@type":"EntryPoint","urlTemplate":"https:\/\/www.uebersetzer-texter.de\/fr\/?s={search_term_string}"},"query-input":{"@type":"PropertyValueSpecification","valueRequired":true,"valueName":"search_term_string"}}],"inLanguage":"fr-FR"},{"@type":"Organization","@id":"https:\/\/www.uebersetzer-texter.de\/fr\/#organization","name":"Peter Sch\u00e4fermeier \u2013 \u00dcbersetzer und Texter","url":"https:\/\/www.uebersetzer-texter.de\/fr\/","logo":{"@type":"ImageObject","inLanguage":"fr-FR","@id":"https:\/\/www.uebersetzer-texter.de\/fr\/#\/schema\/logo\/image\/","url":"https:\/\/www.uebersetzer-texter.de\/wp-content\/uploads\/2023\/11\/Text-logo.svg","contentUrl":"https:\/\/www.uebersetzer-texter.de\/wp-content\/uploads\/2023\/11\/Text-logo.svg","width":500,"height":500,"caption":"Peter Sch\u00e4fermeier \u2013 \u00dcbersetzer und Texter"},"image":{"@id":"https:\/\/www.uebersetzer-texter.de\/fr\/#\/schema\/logo\/image\/"},"sameAs":["https:\/\/www.linkedin.com\/in\/peter-schaefermeier\/"]}]}},"_links":{"self":[{"href":"https:\/\/www.uebersetzer-texter.de\/fr\/wp-json\/wp\/v2\/pages\/529","targetHints":{"allow":["GET"]}}],"collection":[{"href":"https:\/\/www.uebersetzer-texter.de\/fr\/wp-json\/wp\/v2\/pages"}],"about":[{"href":"https:\/\/www.uebersetzer-texter.de\/fr\/wp-json\/wp\/v2\/types\/page"}],"author":[{"embeddable":true,"href":"https:\/\/www.uebersetzer-texter.de\/fr\/wp-json\/wp\/v2\/users\/3"}],"replies":[{"embeddable":true,"href":"https:\/\/www.uebersetzer-texter.de\/fr\/wp-json\/wp\/v2\/comments?post=529"}],"version-history":[{"count":0,"href":"https:\/\/www.uebersetzer-texter.de\/fr\/wp-json\/wp\/v2\/pages\/529\/revisions"}],"wp:attachment":[{"href":"https:\/\/www.uebersetzer-texter.de\/fr\/wp-json\/wp\/v2\/media?parent=529"}],"curies":[{"name":"wp","href":"https:\/\/api.w.org\/{rel}","templated":true}]}}