{"id":1015,"date":"2025-02-27T16:06:59","date_gmt":"2025-02-27T15:06:59","guid":{"rendered":"https:\/\/www.uebersetzer-texter.de\/redaction\/"},"modified":"2026-04-24T11:18:19","modified_gmt":"2026-04-24T09:18:19","slug":"redaction","status":"publish","type":"page","link":"https:\/\/www.uebersetzer-texter.de\/fr\/redaction\/","title":{"rendered":"R\u00e9daction"},"content":{"rendered":"\n<p>Vous avez besoin de textes qui convainquent les clients potentiels d&rsquo;acheter un produit, de r\u00e9server un service ou au moins de s&rsquo;informer \u00e0 ce sujet ? Vous souhaitez attirer des visiteurs sur votre site web gr\u00e2ce \u00e0 des contenus tels que des articles de blog ? Il s&rsquo;agit alors de textes qui suscitent l&rsquo;int\u00e9r\u00eat et retiennent les lecteurs sur votre site web, afin qu&rsquo;ils en apprennent davantage sur votre offre ou cliquent sur un appel \u00e0 l&rsquo;action (CTA). J&rsquo;\u00e9cris depuis des d\u00e9cennies pour des clients du secteur du sport et du fitness, pour des entreprises de voyage et de tourisme, des banques et des boutiques en ligne. Des textes convaincants qui s&rsquo;adressent pr\u00e9cis\u00e9ment au public cible et suscitent l&rsquo;int\u00e9r\u00eat. Vous recevez des contenus optimis\u00e9s pour les moteurs de recherche avec vos mots-cl\u00e9s, afin d&rsquo;\u00eatre trouv\u00e9 par les clients potentiels.<\/p>\n\n<p>Les textes vont au-del\u00e0 des produits ou des services, ils concernent les \u00e9motions et les besoins, tout ce que repr\u00e9sente un produit ou une marque. Les textes transmettent un art de vivre, un style de vie et la personnalit\u00e9 des marques. Autrement dit, tout ce qui peut susciter l&rsquo;int\u00e9r\u00eat des personnes et conduire \u00e0 des d\u00e9cisions d&rsquo;achat. La r\u00e9daction va bien au-del\u00e0 de l&rsquo;information, il s&rsquo;agit de communication, de ce qui rend une offre vivante et de ce qui est transmis aux personnes. Avec vos objectifs et vos KPI, des textes sont cr\u00e9\u00e9s qui convainquent, suscitent l&rsquo;int\u00e9r\u00eat et pr\u00e9sentent la personnalit\u00e9 de votre marque.<\/p>\n","protected":false},"excerpt":{"rendered":"<p>Vous avez besoin de textes qui convainquent les clients potentiels d&rsquo;acheter un produit, de r\u00e9server un service ou au moins de s&rsquo;informer \u00e0 ce sujet ? Vous souhaitez attirer des visiteurs sur votre site web gr\u00e2ce \u00e0 des contenus tels que des articles de blog ? Il s&rsquo;agit alors de textes qui suscitent l&rsquo;int\u00e9r\u00eat et &#8230; <a title=\"R\u00e9daction\" class=\"read-more\" href=\"https:\/\/www.uebersetzer-texter.de\/fr\/redaction\/\" aria-label=\"En savoir plus sur R\u00e9daction\">Lire plus<\/a><\/p>\n","protected":false},"author":3,"featured_media":0,"parent":0,"menu_order":0,"comment_status":"closed","ping_status":"closed","template":"","meta":{"inline_featured_image":false,"footnotes":""},"class_list":["post-1015","page","type-page","status-publish"],"yoast_head":"<!-- This site is optimized with the Yoast SEO plugin v27.4 - https:\/\/yoast.com\/product\/yoast-seo-wordpress\/ -->\n<title>R\u00e9daction -<\/title>\n<meta name=\"robots\" content=\"index, follow, max-snippet:-1, max-image-preview:large, max-video-preview:-1\" \/>\n<link rel=\"canonical\" href=\"https:\/\/www.uebersetzer-texter.de\/fr\/redaction\/\" \/>\n<meta property=\"og:locale\" content=\"fr_FR\" \/>\n<meta property=\"og:type\" content=\"article\" \/>\n<meta property=\"og:title\" content=\"R\u00e9daction -\" \/>\n<meta property=\"og:description\" content=\"Vous avez besoin de textes qui convainquent les clients potentiels d&rsquo;acheter un produit, de r\u00e9server un service ou au moins de s&rsquo;informer \u00e0 ce sujet ? Vous souhaitez attirer des visiteurs sur votre site web gr\u00e2ce \u00e0 des contenus tels que des articles de blog ? Il s&rsquo;agit alors de textes qui suscitent l&rsquo;int\u00e9r\u00eat et ... Lire plus\" \/>\n<meta property=\"og:url\" content=\"https:\/\/www.uebersetzer-texter.de\/fr\/redaction\/\" \/>\n<meta property=\"article:modified_time\" content=\"2026-04-24T09:18:19+00:00\" \/>\n<meta name=\"twitter:card\" content=\"summary_large_image\" \/>\n<meta name=\"twitter:label1\" content=\"Dur\u00e9e de lecture estim\u00e9e\" \/>\n\t<meta name=\"twitter:data1\" content=\"1 minute\" \/>\n<script type=\"application\/ld+json\" class=\"yoast-schema-graph\">{\"@context\":\"https:\\\/\\\/schema.org\",\"@graph\":[{\"@type\":\"WebPage\",\"@id\":\"https:\\\/\\\/www.uebersetzer-texter.de\\\/fr\\\/redaction\\\/\",\"url\":\"https:\\\/\\\/www.uebersetzer-texter.de\\\/fr\\\/redaction\\\/\",\"name\":\"R\u00e9daction -\",\"isPartOf\":{\"@id\":\"https:\\\/\\\/www.uebersetzer-texter.de\\\/fr\\\/#website\"},\"datePublished\":\"2025-02-27T15:06:59+00:00\",\"dateModified\":\"2026-04-24T09:18:19+00:00\",\"breadcrumb\":{\"@id\":\"https:\\\/\\\/www.uebersetzer-texter.de\\\/fr\\\/redaction\\\/#breadcrumb\"},\"inLanguage\":\"fr-FR\",\"potentialAction\":[{\"@type\":\"ReadAction\",\"target\":[\"https:\\\/\\\/www.uebersetzer-texter.de\\\/fr\\\/redaction\\\/\"]}]},{\"@type\":\"BreadcrumbList\",\"@id\":\"https:\\\/\\\/www.uebersetzer-texter.de\\\/fr\\\/redaction\\\/#breadcrumb\",\"itemListElement\":[{\"@type\":\"ListItem\",\"position\":1,\"name\":\"Startseite\",\"item\":\"https:\\\/\\\/www.uebersetzer-texter.de\\\/fr\\\/\"},{\"@type\":\"ListItem\",\"position\":2,\"name\":\"R\u00e9daction\"}]},{\"@type\":\"WebSite\",\"@id\":\"https:\\\/\\\/www.uebersetzer-texter.de\\\/fr\\\/#website\",\"url\":\"https:\\\/\\\/www.uebersetzer-texter.de\\\/fr\\\/\",\"name\":\"Peter Sch\u00e4fermeier \u2013 \u00dcbersetzer und Texter\",\"description\":\"Fachgebiete: Marketing, Human Resources, Tourismus, Reisen, PR, Journalismus, psychologische Beratung\",\"publisher\":{\"@id\":\"https:\\\/\\\/www.uebersetzer-texter.de\\\/fr\\\/#organization\"},\"potentialAction\":[{\"@type\":\"SearchAction\",\"target\":{\"@type\":\"EntryPoint\",\"urlTemplate\":\"https:\\\/\\\/www.uebersetzer-texter.de\\\/fr\\\/?s={search_term_string}\"},\"query-input\":{\"@type\":\"PropertyValueSpecification\",\"valueRequired\":true,\"valueName\":\"search_term_string\"}}],\"inLanguage\":\"fr-FR\"},{\"@type\":\"Organization\",\"@id\":\"https:\\\/\\\/www.uebersetzer-texter.de\\\/fr\\\/#organization\",\"name\":\"Peter Sch\u00e4fermeier \u2013 \u00dcbersetzer und Texter\",\"url\":\"https:\\\/\\\/www.uebersetzer-texter.de\\\/fr\\\/\",\"logo\":{\"@type\":\"ImageObject\",\"inLanguage\":\"fr-FR\",\"@id\":\"https:\\\/\\\/www.uebersetzer-texter.de\\\/fr\\\/#\\\/schema\\\/logo\\\/image\\\/\",\"url\":\"https:\\\/\\\/www.uebersetzer-texter.de\\\/wp-content\\\/uploads\\\/2023\\\/11\\\/Text-logo.svg\",\"contentUrl\":\"https:\\\/\\\/www.uebersetzer-texter.de\\\/wp-content\\\/uploads\\\/2023\\\/11\\\/Text-logo.svg\",\"width\":500,\"height\":500,\"caption\":\"Peter Sch\u00e4fermeier \u2013 \u00dcbersetzer und Texter\"},\"image\":{\"@id\":\"https:\\\/\\\/www.uebersetzer-texter.de\\\/fr\\\/#\\\/schema\\\/logo\\\/image\\\/\"},\"sameAs\":[\"https:\\\/\\\/www.linkedin.com\\\/in\\\/peter-schaefermeier\\\/\"]}]}<\/script>\n<!-- \/ Yoast SEO plugin. -->","yoast_head_json":{"title":"R\u00e9daction -","robots":{"index":"index","follow":"follow","max-snippet":"max-snippet:-1","max-image-preview":"max-image-preview:large","max-video-preview":"max-video-preview:-1"},"canonical":"https:\/\/www.uebersetzer-texter.de\/fr\/redaction\/","og_locale":"fr_FR","og_type":"article","og_title":"R\u00e9daction -","og_description":"Vous avez besoin de textes qui convainquent les clients potentiels d&rsquo;acheter un produit, de r\u00e9server un service ou au moins de s&rsquo;informer \u00e0 ce sujet ? Vous souhaitez attirer des visiteurs sur votre site web gr\u00e2ce \u00e0 des contenus tels que des articles de blog ? Il s&rsquo;agit alors de textes qui suscitent l&rsquo;int\u00e9r\u00eat et ... Lire plus","og_url":"https:\/\/www.uebersetzer-texter.de\/fr\/redaction\/","article_modified_time":"2026-04-24T09:18:19+00:00","twitter_card":"summary_large_image","twitter_misc":{"Dur\u00e9e de lecture estim\u00e9e":"1 minute"},"schema":{"@context":"https:\/\/schema.org","@graph":[{"@type":"WebPage","@id":"https:\/\/www.uebersetzer-texter.de\/fr\/redaction\/","url":"https:\/\/www.uebersetzer-texter.de\/fr\/redaction\/","name":"R\u00e9daction -","isPartOf":{"@id":"https:\/\/www.uebersetzer-texter.de\/fr\/#website"},"datePublished":"2025-02-27T15:06:59+00:00","dateModified":"2026-04-24T09:18:19+00:00","breadcrumb":{"@id":"https:\/\/www.uebersetzer-texter.de\/fr\/redaction\/#breadcrumb"},"inLanguage":"fr-FR","potentialAction":[{"@type":"ReadAction","target":["https:\/\/www.uebersetzer-texter.de\/fr\/redaction\/"]}]},{"@type":"BreadcrumbList","@id":"https:\/\/www.uebersetzer-texter.de\/fr\/redaction\/#breadcrumb","itemListElement":[{"@type":"ListItem","position":1,"name":"Startseite","item":"https:\/\/www.uebersetzer-texter.de\/fr\/"},{"@type":"ListItem","position":2,"name":"R\u00e9daction"}]},{"@type":"WebSite","@id":"https:\/\/www.uebersetzer-texter.de\/fr\/#website","url":"https:\/\/www.uebersetzer-texter.de\/fr\/","name":"Peter Sch\u00e4fermeier \u2013 \u00dcbersetzer und Texter","description":"Fachgebiete: Marketing, Human Resources, Tourismus, Reisen, PR, Journalismus, psychologische Beratung","publisher":{"@id":"https:\/\/www.uebersetzer-texter.de\/fr\/#organization"},"potentialAction":[{"@type":"SearchAction","target":{"@type":"EntryPoint","urlTemplate":"https:\/\/www.uebersetzer-texter.de\/fr\/?s={search_term_string}"},"query-input":{"@type":"PropertyValueSpecification","valueRequired":true,"valueName":"search_term_string"}}],"inLanguage":"fr-FR"},{"@type":"Organization","@id":"https:\/\/www.uebersetzer-texter.de\/fr\/#organization","name":"Peter Sch\u00e4fermeier \u2013 \u00dcbersetzer und Texter","url":"https:\/\/www.uebersetzer-texter.de\/fr\/","logo":{"@type":"ImageObject","inLanguage":"fr-FR","@id":"https:\/\/www.uebersetzer-texter.de\/fr\/#\/schema\/logo\/image\/","url":"https:\/\/www.uebersetzer-texter.de\/wp-content\/uploads\/2023\/11\/Text-logo.svg","contentUrl":"https:\/\/www.uebersetzer-texter.de\/wp-content\/uploads\/2023\/11\/Text-logo.svg","width":500,"height":500,"caption":"Peter Sch\u00e4fermeier \u2013 \u00dcbersetzer und Texter"},"image":{"@id":"https:\/\/www.uebersetzer-texter.de\/fr\/#\/schema\/logo\/image\/"},"sameAs":["https:\/\/www.linkedin.com\/in\/peter-schaefermeier\/"]}]}},"_links":{"self":[{"href":"https:\/\/www.uebersetzer-texter.de\/fr\/wp-json\/wp\/v2\/pages\/1015","targetHints":{"allow":["GET"]}}],"collection":[{"href":"https:\/\/www.uebersetzer-texter.de\/fr\/wp-json\/wp\/v2\/pages"}],"about":[{"href":"https:\/\/www.uebersetzer-texter.de\/fr\/wp-json\/wp\/v2\/types\/page"}],"author":[{"embeddable":true,"href":"https:\/\/www.uebersetzer-texter.de\/fr\/wp-json\/wp\/v2\/users\/3"}],"replies":[{"embeddable":true,"href":"https:\/\/www.uebersetzer-texter.de\/fr\/wp-json\/wp\/v2\/comments?post=1015"}],"version-history":[{"count":1,"href":"https:\/\/www.uebersetzer-texter.de\/fr\/wp-json\/wp\/v2\/pages\/1015\/revisions"}],"predecessor-version":[{"id":1016,"href":"https:\/\/www.uebersetzer-texter.de\/fr\/wp-json\/wp\/v2\/pages\/1015\/revisions\/1016"}],"wp:attachment":[{"href":"https:\/\/www.uebersetzer-texter.de\/fr\/wp-json\/wp\/v2\/media?parent=1015"}],"curies":[{"name":"wp","href":"https:\/\/api.w.org\/{rel}","templated":true}]}}