{"id":1011,"date":"2025-07-15T18:34:35","date_gmt":"2025-07-15T16:34:35","guid":{"rendered":"https:\/\/www.uebersetzer-texter.de\/marketing-en-ligne\/"},"modified":"2026-04-24T11:17:24","modified_gmt":"2026-04-24T09:17:24","slug":"marketing-en-ligne","status":"publish","type":"page","link":"https:\/\/www.uebersetzer-texter.de\/fr\/marketing-en-ligne\/","title":{"rendered":"Marketing en ligne"},"content":{"rendered":"\n<figure class=\"wp-block-image size-full\"><img loading=\"lazy\" decoding=\"async\" width=\"640\" height=\"461\" src=\"https:\/\/www.uebersetzer-texter.de\/wp-content\/uploads\/2025\/07\/Online-Marketing-3.jpg\" alt=\"Marketing en ligne\" class=\"wp-image-885\" srcset=\"https:\/\/www.uebersetzer-texter.de\/wp-content\/uploads\/2025\/07\/Online-Marketing-3.jpg 640w, https:\/\/www.uebersetzer-texter.de\/wp-content\/uploads\/2025\/07\/Online-Marketing-3-300x216.jpg 300w\" sizes=\"auto, (max-width: 640px) 100vw, 640px\" \/><figcaption class=\"wp-element-caption\">Photo : Stephen Dawson\/Unsplash<\/figcaption><\/figure>\n\n<p>Je suis un <strong>gestionnaire en marketing en ligne<\/strong> certifi\u00e9 (ptm-Akademie Munich) et je serais ravi de vous aider \u00e0 faire en sorte que votre site web r\u00e9ussisse et que vous atteigniez vos objectifs (KPI). Autrement dit, vendre des produits ou des services. Le marketing en ligne comprend toutes les mesures techniques et de contenu telles que l\u2019optimisation des moteurs de recherche sur site (SEO) et le SEO OnPage, ainsi que toutes les autres activit\u00e9s visant \u00e0 se faire conna\u00eetre sur Internet et \u00e0 \u00eatre class\u00e9 le plus haut possible dans les r\u00e9sultats de recherche des moteurs de recherche pertinents pour des mots-cl\u00e9s sp\u00e9cifiques. <strong>En Allemagne, environ 55 \u00e0 60 % des utilisateurs cliquent sur l\u2019un des trois premiers r\u00e9sultats de recherche, selon Sistrix.<\/strong> \u00c0 l\u2019\u00e9chelle internationale, <strong>70 \u00e0 80 % r\u00e9agissent aux 3 premiers<\/strong>.<\/p>\n\n<p>Le marketing en ligne comprend plusieurs sous-domaines :<\/p>\n\n<ol class=\"wp-block-list\">\n<li><strong>Le marketing de contenu<\/strong>, c\u2019est-\u00e0-dire se faire conna\u00eetre gr\u00e2ce \u00e0 des contenus sous diff\u00e9rents formats tels que des blogs, des actualit\u00e9s, des vid\u00e9os, des livres blancs, des livres, des graphiques, des \u00e9tudes de cas ou des guides, et g\u00e9n\u00e9rer des interactions de la part des lecteurs afin de les transformer en prospects pour votre offre et en clients. <\/li>\n\n\n\n<li><strong>La publicit\u00e9 sur Internet<\/strong>, c\u2019est-\u00e0-dire la diffusion d\u2019annonces en ligne avec Google Adsense ou le Native Advertising, c\u2019est-\u00e0-dire des textes publicitaires qui ressemblent \u00e0 des contenus \u00e9ditoriaux et sont diffus\u00e9s via des prestataires dans des journaux et magazines classiques \u00e0 forte audience comme le <a href=\"https:\/\/www.focus.de\">Focus<\/a>, la <a href=\"https:\/\/www.zeit.de\">Zeit<\/a>, la <a href=\"https:\/\/www.sueddeutsche.de\">S\u00fcddeutsche Zeitung (SZ<\/a>) ou sur les r\u00e9seaux sociaux. En tant que professionnel des m\u00e9dias exp\u00e9riment\u00e9 \u2013 j\u2019ai travaill\u00e9 pendant des ann\u00e9es comme journaliste, r\u00e9dacteur publicitaire et photographe pour la SZ, des cha\u00eenes de t\u00e9l\u00e9vision et des stations de radio \u2013 je peux \u00e9galement vous apporter un soutien optimal en mati\u00e8re de relations publiques (RP).<\/li>\n\n\n\n<li><strong>Le marketing des moteurs de recherche<\/strong> signifie diffuser des annonces dans les moteurs de recherche et optimiser le site web pour son positionnement dans les r\u00e9sultats de recherche.<\/li>\n\n\n\n<li><strong>Le marketing par e-mail :<\/strong> Les gens sont curieux et vous offrez plus que de simples produits ou services \u2013 des informations, des nouveaut\u00e9s et des histoires (storytelling). Avec les e-mails, vous tenez les personnes int\u00e9ress\u00e9es inform\u00e9es, envoyez des codes de r\u00e9duction ou informez sur de nouveaux produits, services, une mise \u00e0 jour importante de votre logiciel ou des fonctionnalit\u00e9s innovantes.<\/li>\n\n\n\n<li><strong>Le marketing d\u2019influence :<\/strong> Les influenceurs parlent par exemple de produits \u00e0 leurs abonn\u00e9s sur les r\u00e9seaux sociaux, les essaient et en pr\u00e9sentent de nouveaux. C\u2019est ainsi que vous vous faites conna\u00eetre aupr\u00e8s de votre public cible. L\u2019authenticit\u00e9 et la cr\u00e9dibilit\u00e9 jouent un r\u00f4le majeur \u00e0 cet \u00e9gard.<\/li>\n\n\n\n<li><strong>Le marketing d\u2019affiliation<\/strong> : Dans cette forme de marketing, les \u00e9diteurs parlent de produits qui les int\u00e9ressent. Les amateurs de whisky, par exemple, d\u00e9veloppent des sites web sur des raret\u00e9s \u00e0 fort pourcentage d\u2019alcool et cr\u00e9ent des liens vers les sites web de boutiques en ligne. Ceux qui aiment les cigares ou les livres publient des sites web \u00e0 ce sujet. Ils gagnent des commissions lorsqu\u2019un utilisateur suit le lien et ach\u00e8te ensuite un whisky \u00e9cossais ou le dernier roman autrichien.<\/li>\n\n\n\n<li><strong>Le marketing des r\u00e9seaux sociaux :<\/strong> Il s\u2019agit de cr\u00e9er du contenu pour les r\u00e9seaux sociaux, des textes, des photos et des vid\u00e9os, pour parler d\u2019un nouveau livre de votre part, de votre cabinet de conseil ou du dernier parfum ou \u0153uvre d\u2019art de votre boutique en ligne. Le storytelling et la communication authentique y jouent \u00e9galement un r\u00f4le particulier.<\/li>\n<\/ol>\n\n<p><strong>Comment fonctionne le marketing en ligne ?<\/strong><\/p>\n\n<p>Tout d\u2019abord, je discute avec vous de ce que vous souhaitez accomplir pr\u00e9cis\u00e9ment. Quelle est votre offre, quel est votre public cible, quel est votre branding et votre positionnement sur le march\u00e9, quel est votre argument de vente unique ? Cela signifie : qu\u2019est-ce qui rend votre service ou vos produits uniques et nouveaux par rapport \u00e0 la concurrence ? Ensuite, j\u2019analyse avec mes coll\u00e8gues l\u2019\u00e9tat actuel de votre site web, c\u2019est-\u00e0-dire sa structure de contenu et sa structure technique. Car ce n\u2019est que si la pr\u00e9sence sur Internet est techniquement et structurellement optimis\u00e9e pour \u00eatre trouv\u00e9e par les robots des moteurs de recherche et que ceux-ci saisissent au mieux la structure du contenu, qu\u2019elle sera la mieux class\u00e9e avec d\u2019autres mesures. Quiconque vous promet la lune n\u2019est pas s\u00e9rieux, car il existe d\u00e9sormais environ 1,1 milliard de sites web dans le monde (Netcraft Web Server Survey, W3Techs), dont un cinqui\u00e8me \u00e0 un tiers poursuivent des objectifs commerciaux. Cela repr\u00e9sente donc 220 \u00e0 330 millions. Par cons\u00e9quent, les co\u00fbts augmentent si vous entrez tardivement sur un march\u00e9 avec votre offre.<\/p>\n\n<p>L\u2019\u00e9tape suivante consiste \u00e0 d\u00e9finir pr\u00e9cis\u00e9ment ce que vous souhaitez atteindre avec le marketing en ligne, c\u2019est-\u00e0-dire vos objectifs, et ce, de mani\u00e8re aussi concr\u00e8te que possible sous forme d\u2019indicateurs cl\u00e9s de performance (KPI). Par exemple, 15 % de ventes suppl\u00e9mentaires de la nouvelle ligne de produits XY en Allemagne, en Autriche et en Suisse. Ou 12 % de chiffre d\u2019affaires suppl\u00e9mentaire avec des \u0153uvres d\u2019art en Allemagne, ou au moins 20 000 nouveaux lecteurs pour la newsletter de votre entreprise. C\u2019est ainsi que les mesures de marketing en ligne peuvent \u00eatre le mieux mesur\u00e9es et leur efficacit\u00e9 \u00e9valu\u00e9e.<\/p>\n","protected":false},"excerpt":{"rendered":"<p>Je suis un gestionnaire en marketing en ligne certifi\u00e9 (ptm-Akademie Munich) et je serais ravi de vous aider \u00e0 faire en sorte que votre site web r\u00e9ussisse et que vous atteigniez vos objectifs (KPI). Autrement dit, vendre des produits ou des services. Le marketing en ligne comprend toutes les mesures techniques et de contenu telles &#8230; <a title=\"Marketing en ligne\" class=\"read-more\" href=\"https:\/\/www.uebersetzer-texter.de\/fr\/marketing-en-ligne\/\" aria-label=\"En savoir plus sur Marketing en ligne\">Lire plus<\/a><\/p>\n","protected":false},"author":3,"featured_media":0,"parent":0,"menu_order":0,"comment_status":"closed","ping_status":"closed","template":"","meta":{"inline_featured_image":false,"footnotes":""},"class_list":["post-1011","page","type-page","status-publish"],"yoast_head":"<!-- This site is optimized with the Yoast SEO plugin v27.4 - https:\/\/yoast.com\/product\/yoast-seo-wordpress\/ -->\n<title>Marketing en ligne -<\/title>\n<meta name=\"robots\" content=\"index, follow, max-snippet:-1, max-image-preview:large, max-video-preview:-1\" \/>\n<link rel=\"canonical\" href=\"https:\/\/www.uebersetzer-texter.de\/fr\/marketing-en-ligne\/\" \/>\n<meta property=\"og:locale\" content=\"fr_FR\" \/>\n<meta property=\"og:type\" content=\"article\" \/>\n<meta property=\"og:title\" content=\"Marketing en ligne -\" \/>\n<meta property=\"og:description\" content=\"Je suis un gestionnaire en marketing en ligne certifi\u00e9 (ptm-Akademie Munich) et je serais ravi de vous aider \u00e0 faire en sorte que votre site web r\u00e9ussisse et que vous atteigniez vos objectifs (KPI). Autrement dit, vendre des produits ou des services. Le marketing en ligne comprend toutes les mesures techniques et de contenu telles ... Lire plus\" \/>\n<meta property=\"og:url\" content=\"https:\/\/www.uebersetzer-texter.de\/fr\/marketing-en-ligne\/\" \/>\n<meta property=\"article:modified_time\" content=\"2026-04-24T09:17:24+00:00\" \/>\n<meta property=\"og:image\" content=\"https:\/\/www.uebersetzer-texter.de\/wp-content\/uploads\/2025\/07\/Online-Marketing-3.jpg\" \/>\n\t<meta property=\"og:image:width\" content=\"640\" \/>\n\t<meta property=\"og:image:height\" content=\"461\" \/>\n\t<meta property=\"og:image:type\" content=\"image\/jpeg\" \/>\n<meta name=\"twitter:card\" content=\"summary_large_image\" \/>\n<meta name=\"twitter:label1\" content=\"Dur\u00e9e de lecture estim\u00e9e\" \/>\n\t<meta name=\"twitter:data1\" content=\"5 minutes\" \/>\n<script type=\"application\/ld+json\" class=\"yoast-schema-graph\">{\"@context\":\"https:\\\/\\\/schema.org\",\"@graph\":[{\"@type\":\"WebPage\",\"@id\":\"https:\\\/\\\/www.uebersetzer-texter.de\\\/fr\\\/marketing-en-ligne\\\/\",\"url\":\"https:\\\/\\\/www.uebersetzer-texter.de\\\/fr\\\/marketing-en-ligne\\\/\",\"name\":\"Marketing en ligne -\",\"isPartOf\":{\"@id\":\"https:\\\/\\\/www.uebersetzer-texter.de\\\/fr\\\/#website\"},\"primaryImageOfPage\":{\"@id\":\"https:\\\/\\\/www.uebersetzer-texter.de\\\/fr\\\/marketing-en-ligne\\\/#primaryimage\"},\"image\":{\"@id\":\"https:\\\/\\\/www.uebersetzer-texter.de\\\/fr\\\/marketing-en-ligne\\\/#primaryimage\"},\"thumbnailUrl\":\"https:\\\/\\\/www.uebersetzer-texter.de\\\/wp-content\\\/uploads\\\/2025\\\/07\\\/Online-Marketing-3.jpg\",\"datePublished\":\"2025-07-15T16:34:35+00:00\",\"dateModified\":\"2026-04-24T09:17:24+00:00\",\"breadcrumb\":{\"@id\":\"https:\\\/\\\/www.uebersetzer-texter.de\\\/fr\\\/marketing-en-ligne\\\/#breadcrumb\"},\"inLanguage\":\"fr-FR\",\"potentialAction\":[{\"@type\":\"ReadAction\",\"target\":[\"https:\\\/\\\/www.uebersetzer-texter.de\\\/fr\\\/marketing-en-ligne\\\/\"]}]},{\"@type\":\"ImageObject\",\"inLanguage\":\"fr-FR\",\"@id\":\"https:\\\/\\\/www.uebersetzer-texter.de\\\/fr\\\/marketing-en-ligne\\\/#primaryimage\",\"url\":\"https:\\\/\\\/www.uebersetzer-texter.de\\\/wp-content\\\/uploads\\\/2025\\\/07\\\/Online-Marketing-3.jpg\",\"contentUrl\":\"https:\\\/\\\/www.uebersetzer-texter.de\\\/wp-content\\\/uploads\\\/2025\\\/07\\\/Online-Marketing-3.jpg\"},{\"@type\":\"BreadcrumbList\",\"@id\":\"https:\\\/\\\/www.uebersetzer-texter.de\\\/fr\\\/marketing-en-ligne\\\/#breadcrumb\",\"itemListElement\":[{\"@type\":\"ListItem\",\"position\":1,\"name\":\"Startseite\",\"item\":\"https:\\\/\\\/www.uebersetzer-texter.de\\\/fr\\\/\"},{\"@type\":\"ListItem\",\"position\":2,\"name\":\"Marketing en ligne\"}]},{\"@type\":\"WebSite\",\"@id\":\"https:\\\/\\\/www.uebersetzer-texter.de\\\/fr\\\/#website\",\"url\":\"https:\\\/\\\/www.uebersetzer-texter.de\\\/fr\\\/\",\"name\":\"Peter Sch\u00e4fermeier \u2013 \u00dcbersetzer und Texter\",\"description\":\"Fachgebiete: Marketing, Human Resources, Tourismus, Reisen, PR, Journalismus, psychologische Beratung\",\"publisher\":{\"@id\":\"https:\\\/\\\/www.uebersetzer-texter.de\\\/fr\\\/#organization\"},\"potentialAction\":[{\"@type\":\"SearchAction\",\"target\":{\"@type\":\"EntryPoint\",\"urlTemplate\":\"https:\\\/\\\/www.uebersetzer-texter.de\\\/fr\\\/?s={search_term_string}\"},\"query-input\":{\"@type\":\"PropertyValueSpecification\",\"valueRequired\":true,\"valueName\":\"search_term_string\"}}],\"inLanguage\":\"fr-FR\"},{\"@type\":\"Organization\",\"@id\":\"https:\\\/\\\/www.uebersetzer-texter.de\\\/fr\\\/#organization\",\"name\":\"Peter Sch\u00e4fermeier \u2013 \u00dcbersetzer und Texter\",\"url\":\"https:\\\/\\\/www.uebersetzer-texter.de\\\/fr\\\/\",\"logo\":{\"@type\":\"ImageObject\",\"inLanguage\":\"fr-FR\",\"@id\":\"https:\\\/\\\/www.uebersetzer-texter.de\\\/fr\\\/#\\\/schema\\\/logo\\\/image\\\/\",\"url\":\"https:\\\/\\\/www.uebersetzer-texter.de\\\/wp-content\\\/uploads\\\/2023\\\/11\\\/Text-logo.svg\",\"contentUrl\":\"https:\\\/\\\/www.uebersetzer-texter.de\\\/wp-content\\\/uploads\\\/2023\\\/11\\\/Text-logo.svg\",\"width\":500,\"height\":500,\"caption\":\"Peter Sch\u00e4fermeier \u2013 \u00dcbersetzer und Texter\"},\"image\":{\"@id\":\"https:\\\/\\\/www.uebersetzer-texter.de\\\/fr\\\/#\\\/schema\\\/logo\\\/image\\\/\"},\"sameAs\":[\"https:\\\/\\\/www.linkedin.com\\\/in\\\/peter-schaefermeier\\\/\"]}]}<\/script>\n<!-- \/ Yoast SEO plugin. -->","yoast_head_json":{"title":"Marketing en ligne -","robots":{"index":"index","follow":"follow","max-snippet":"max-snippet:-1","max-image-preview":"max-image-preview:large","max-video-preview":"max-video-preview:-1"},"canonical":"https:\/\/www.uebersetzer-texter.de\/fr\/marketing-en-ligne\/","og_locale":"fr_FR","og_type":"article","og_title":"Marketing en ligne -","og_description":"Je suis un gestionnaire en marketing en ligne certifi\u00e9 (ptm-Akademie Munich) et je serais ravi de vous aider \u00e0 faire en sorte que votre site web r\u00e9ussisse et que vous atteigniez vos objectifs (KPI). Autrement dit, vendre des produits ou des services. Le marketing en ligne comprend toutes les mesures techniques et de contenu telles ... Lire plus","og_url":"https:\/\/www.uebersetzer-texter.de\/fr\/marketing-en-ligne\/","article_modified_time":"2026-04-24T09:17:24+00:00","og_image":[{"width":640,"height":461,"url":"https:\/\/www.uebersetzer-texter.de\/wp-content\/uploads\/2025\/07\/Online-Marketing-3.jpg","type":"image\/jpeg"}],"twitter_card":"summary_large_image","twitter_misc":{"Dur\u00e9e de lecture estim\u00e9e":"5 minutes"},"schema":{"@context":"https:\/\/schema.org","@graph":[{"@type":"WebPage","@id":"https:\/\/www.uebersetzer-texter.de\/fr\/marketing-en-ligne\/","url":"https:\/\/www.uebersetzer-texter.de\/fr\/marketing-en-ligne\/","name":"Marketing en ligne -","isPartOf":{"@id":"https:\/\/www.uebersetzer-texter.de\/fr\/#website"},"primaryImageOfPage":{"@id":"https:\/\/www.uebersetzer-texter.de\/fr\/marketing-en-ligne\/#primaryimage"},"image":{"@id":"https:\/\/www.uebersetzer-texter.de\/fr\/marketing-en-ligne\/#primaryimage"},"thumbnailUrl":"https:\/\/www.uebersetzer-texter.de\/wp-content\/uploads\/2025\/07\/Online-Marketing-3.jpg","datePublished":"2025-07-15T16:34:35+00:00","dateModified":"2026-04-24T09:17:24+00:00","breadcrumb":{"@id":"https:\/\/www.uebersetzer-texter.de\/fr\/marketing-en-ligne\/#breadcrumb"},"inLanguage":"fr-FR","potentialAction":[{"@type":"ReadAction","target":["https:\/\/www.uebersetzer-texter.de\/fr\/marketing-en-ligne\/"]}]},{"@type":"ImageObject","inLanguage":"fr-FR","@id":"https:\/\/www.uebersetzer-texter.de\/fr\/marketing-en-ligne\/#primaryimage","url":"https:\/\/www.uebersetzer-texter.de\/wp-content\/uploads\/2025\/07\/Online-Marketing-3.jpg","contentUrl":"https:\/\/www.uebersetzer-texter.de\/wp-content\/uploads\/2025\/07\/Online-Marketing-3.jpg"},{"@type":"BreadcrumbList","@id":"https:\/\/www.uebersetzer-texter.de\/fr\/marketing-en-ligne\/#breadcrumb","itemListElement":[{"@type":"ListItem","position":1,"name":"Startseite","item":"https:\/\/www.uebersetzer-texter.de\/fr\/"},{"@type":"ListItem","position":2,"name":"Marketing en ligne"}]},{"@type":"WebSite","@id":"https:\/\/www.uebersetzer-texter.de\/fr\/#website","url":"https:\/\/www.uebersetzer-texter.de\/fr\/","name":"Peter Sch\u00e4fermeier \u2013 \u00dcbersetzer und Texter","description":"Fachgebiete: Marketing, Human Resources, Tourismus, Reisen, PR, Journalismus, psychologische Beratung","publisher":{"@id":"https:\/\/www.uebersetzer-texter.de\/fr\/#organization"},"potentialAction":[{"@type":"SearchAction","target":{"@type":"EntryPoint","urlTemplate":"https:\/\/www.uebersetzer-texter.de\/fr\/?s={search_term_string}"},"query-input":{"@type":"PropertyValueSpecification","valueRequired":true,"valueName":"search_term_string"}}],"inLanguage":"fr-FR"},{"@type":"Organization","@id":"https:\/\/www.uebersetzer-texter.de\/fr\/#organization","name":"Peter Sch\u00e4fermeier \u2013 \u00dcbersetzer und Texter","url":"https:\/\/www.uebersetzer-texter.de\/fr\/","logo":{"@type":"ImageObject","inLanguage":"fr-FR","@id":"https:\/\/www.uebersetzer-texter.de\/fr\/#\/schema\/logo\/image\/","url":"https:\/\/www.uebersetzer-texter.de\/wp-content\/uploads\/2023\/11\/Text-logo.svg","contentUrl":"https:\/\/www.uebersetzer-texter.de\/wp-content\/uploads\/2023\/11\/Text-logo.svg","width":500,"height":500,"caption":"Peter Sch\u00e4fermeier \u2013 \u00dcbersetzer und Texter"},"image":{"@id":"https:\/\/www.uebersetzer-texter.de\/fr\/#\/schema\/logo\/image\/"},"sameAs":["https:\/\/www.linkedin.com\/in\/peter-schaefermeier\/"]}]}},"_links":{"self":[{"href":"https:\/\/www.uebersetzer-texter.de\/fr\/wp-json\/wp\/v2\/pages\/1011","targetHints":{"allow":["GET"]}}],"collection":[{"href":"https:\/\/www.uebersetzer-texter.de\/fr\/wp-json\/wp\/v2\/pages"}],"about":[{"href":"https:\/\/www.uebersetzer-texter.de\/fr\/wp-json\/wp\/v2\/types\/page"}],"author":[{"embeddable":true,"href":"https:\/\/www.uebersetzer-texter.de\/fr\/wp-json\/wp\/v2\/users\/3"}],"replies":[{"embeddable":true,"href":"https:\/\/www.uebersetzer-texter.de\/fr\/wp-json\/wp\/v2\/comments?post=1011"}],"version-history":[{"count":1,"href":"https:\/\/www.uebersetzer-texter.de\/fr\/wp-json\/wp\/v2\/pages\/1011\/revisions"}],"predecessor-version":[{"id":1012,"href":"https:\/\/www.uebersetzer-texter.de\/fr\/wp-json\/wp\/v2\/pages\/1011\/revisions\/1012"}],"wp:attachment":[{"href":"https:\/\/www.uebersetzer-texter.de\/fr\/wp-json\/wp\/v2\/media?parent=1011"}],"curies":[{"name":"wp","href":"https:\/\/api.w.org\/{rel}","templated":true}]}}