{"id":860,"date":"2025-07-15T18:34:35","date_gmt":"2025-07-15T16:34:35","guid":{"rendered":"https:\/\/www.uebersetzer-texter.de\/?page_id=860"},"modified":"2025-07-16T14:22:49","modified_gmt":"2025-07-16T12:22:49","slug":"online-marketing","status":"publish","type":"page","link":"https:\/\/www.uebersetzer-texter.de\/de\/online-marketing\/","title":{"rendered":"Online-Marketing"},"content":{"rendered":"\n<figure class=\"wp-block-image size-full\"><img loading=\"lazy\" decoding=\"async\" width=\"640\" height=\"461\" src=\"https:\/\/www.uebersetzer-texter.de\/wp-content\/uploads\/2025\/07\/Online-Marketing-3.jpg\" alt=\"Online Marketing\" class=\"wp-image-885\" srcset=\"https:\/\/www.uebersetzer-texter.de\/wp-content\/uploads\/2025\/07\/Online-Marketing-3.jpg 640w, https:\/\/www.uebersetzer-texter.de\/wp-content\/uploads\/2025\/07\/Online-Marketing-3-300x216.jpg 300w\" sizes=\"auto, (max-width: 640px) 100vw, 640px\" \/><figcaption class=\"wp-element-caption\">Foto: Stephen Dawson\/Unsplash<\/figcaption><\/figure>\n\n\n\n<p>Ich bin ausgebildeter <strong>Online-Marketing-Manager<\/strong> (ptm-Akademie M\u00fcnchen) und helfe Ihnen gerne dabei, dass Ihre Website erfolgreich wird und Sie Ihre Ziele (KPIs) erreichen. Also Produkte oder Dienstleistungen verkaufen. Online-Marketing umfasst alle technischen und inhaltlichen Ma\u00dfnahmen wie Onsite Search Engine Optimization (SEO, Suchmaschinenoptimierung) und OnPage-SEO sowie alle weiteren Aktivit\u00e4ten, um im Internet bekannt zu werden und bei relevanten Suchmaschinen bei Suchergebnissen f\u00fcr bestimmte Keywords m\u00f6glichst weit oben gelistet zu werden. <strong>In Deutschland klicken etwa 55\u201360\u202f% der Nutzer nach Angaben von Sistrix auf eines der ersten drei Suchergebnisse.<\/strong> International reagieren <strong>70\u201380\u202f% auf die Top 3<\/strong>.<\/p>\n\n\n\n<p>Online-Marketing umfasst mehrere Teilbereiche:<\/p>\n\n\n\n<ol class=\"wp-block-list\">\n<li><strong>Content-Marketing<\/strong>, also mit Inhalten in verschiedenen Formaten wie Blogs, News, Videos,&nbsp;Whitepapers, B\u00fcchern, Grafiken, Fallstudien oder Ratgebern bekannt zu werden und Interaktionen von Lesern zu generieren, um aus Ihnen Interessenten f\u00fcr Ihr Angebot und Kunden zu machen. <\/li>\n\n\n\n<li><strong>Internetwerbung<\/strong>, d.h. Anzeigen online schalten mit Google Adsense oder Native Advertising, also Anzeigentexten, die \u00e4hnlich wie redaktionelle Inhalte aussehen und \u00fcber Dienstleister in klassischen, reichweitenstarken Zeitungen und Zeitschriften wie dem <a href=\"https:\/\/www.focus.de\">Focus<\/a>, der <a href=\"https:\/\/www.zeit.de\">Zeit<\/a>, der <a href=\"https:\/\/www.sueddeutsche.de\">S\u00fcddeutschen Zeitung (SZ<\/a>) oder in sozialen Medien geschaltet werden. Als erfahrener Medienprofi \u2013 ich habe jahrelang als Journalist, Werbetexter und Fotograf f\u00fcr die SZ, Fernsehsender und Radiosender gearbeitet \u2013 kann ich Sie optimal auch in puncto Public Relations (PR) unterst\u00fctzen.<\/li>\n\n\n\n<li><strong>Suchmaschinenmarketing<\/strong> bedeutet, Anzeigen in Suchmaschinen zu schalten und die Website f\u00fcr die Positionierung in Suchergebnissen zu optimieren.<\/li>\n\n\n\n<li><strong>E-Mail-Marketing:<\/strong> Menschen sind neugierig und Sie bieten mehr als nur Ihre Produkte oder Dienstleistungen \u2013 Informationen, Neuigkeiten und Geschichten (Storytelling). Mit E-Mails halten Sie Interessierte auf dem Laufenden, verschicken Rabattcodes oder informieren \u00fcber neue Produkte, Dienstleistungen, ein wichtiges Upgrade Ihrer Software oder innovative Funktionen.<\/li>\n\n\n\n<li><strong>Influencer-Marketing:<\/strong> Influencer erz\u00e4hlen ihren Followern in sozialen Medien zum Beispiel von Produkten, probieren sie aus und stellen neue vor. So werden Sie bei Ihrer Zielgruppe bekannt. Authentizit\u00e4t und Glaubw\u00fcrdigkeit spielt dabei eine gro\u00dfe Rolle.<\/li>\n\n\n\n<li><strong>Affiliate-Marketing<\/strong>: Bei dieser Form des Marketings berichten Publisher \u00fcber Produkte, die sie interessieren. Whiskeyliebhaber entwickeln zum Beispiel Websites \u00fcber hochprozentige Rarit\u00e4ten und verlinken auf die Websites von Onlineshops. Wer Zigarren oder B\u00fccher mag, ver\u00f6ffentlicht dar\u00fcber Websites. Dabei verdienen sie an Provisionen, wenn ein Nutzer dem Link folgt und dann einen Whiskey aus Schottland oder den neuesten Roman aus \u00d6sterreich kauft.<\/li>\n\n\n\n<li><strong>Social-Media-Marketing:<\/strong> Dabei werden Inhalte f\u00fcr soziale Medien erstellt, Texte, Fotos und Videos, um \u00fcber ein neues Buch von Ihnen zu berichten, Ihre Unternehmensberatung oder das neueste Parf\u00fcm oder Kunstwerk aus Ihrem Onlineshop. Auch dabei spielen Storytelling und authentische Kommunikation eine besondere Bedeutung.<\/li>\n<\/ol>\n\n\n\n<p><strong>Wie l\u00e4uft Online-Marketing ab?<\/strong><\/p>\n\n\n\n<p>Zun\u00e4chst bespreche ich mit Ihnen, was Sie genau damit erreichen wollen. Was ist Ihr Angebot, was Ihre Zielgruppe, was ist Ihr Branding und Ihre Positionierung auf dem Markt, was Ihr Unique-Selling-Point? Das bedeutet, was macht Ihre Dienstleistung oder Ihre Produkte im Vergleich zur Konkurrenz einzigartig und neu? Dann analysiere ich mit Kolleginnen und Kollegen den Istzustand Ihrer Website, das hei\u00dft die inhaltliche und die technische Struktur. Denn nur wenn die Internetpr\u00e4senz technisch und inhaltlich optimal strukturiert ist, um von den Bots der Suchmaschinen gefunden zu werden und diese die inhaltliche Struktur so gut wie m\u00f6glich erfassen, rankt sie mit anderen Ma\u00dfnahmen am besten. Wer Ihnen dabei das Blaue vom Himmel verspricht, ist nicht seri\u00f6s, denn inzwischen gibt es rund 1,1 Milliarden Websites weltweit (Netcraft Web Server Survey, W3Techs), davon verfolgen ein F\u00fcnftel bis ein Drittel gesch\u00e4ftliche Ziele. Das sind also 220 bis 330 Millionen. Insofern steigen die Kosten, wenn Sie sp\u00e4t in einen Markt mit Ihrem Angebot eintreten.<\/p>\n\n\n\n<p>Der n\u00e4chste Schritt besteht darin, festzulegen, was genau Sie mit Online-Marketing erreichen wollen, also Ihre Ziele und das m\u00f6glichst konkret als Key Performance Indicators (KPIs). Also zum Beispiel 15 % mehr Verk\u00e4ufe der neuen Produktlinie XY in Deutschland, \u00d6sterreich und der Schweiz. Oder 12 % mehr Umsatz mit Kunstwerken innerhalb von Deutschland oder mindestens 20.000 neue Leser f\u00fcr den Newsletter Ihres Unternehmens gewinnen. So lassen sich die Online-Marketing-Ma\u00dfnahmen am besten messen und in ihrer Wirksamkeit beurteilen.<\/p>\n","protected":false},"excerpt":{"rendered":"<p>Ich bin ausgebildeter Online-Marketing-Manager (ptm-Akademie M\u00fcnchen) und helfe Ihnen gerne dabei, dass Ihre Website erfolgreich wird und Sie Ihre Ziele (KPIs) erreichen. Also Produkte oder Dienstleistungen verkaufen. Online-Marketing umfasst alle technischen und inhaltlichen Ma\u00dfnahmen wie Onsite Search Engine Optimization (SEO, Suchmaschinenoptimierung) und OnPage-SEO sowie alle weiteren Aktivit\u00e4ten, um im Internet bekannt zu werden und bei &#8230; <a title=\"Online-Marketing\" class=\"read-more\" href=\"https:\/\/www.uebersetzer-texter.de\/de\/online-marketing\/\" aria-label=\"Mehr Informationen \u00fcber Online-Marketing\">Weiterlesen &#8230;<\/a><\/p>\n","protected":false},"author":3,"featured_media":0,"parent":0,"menu_order":0,"comment_status":"closed","ping_status":"closed","template":"","meta":{"inline_featured_image":false,"footnotes":""},"class_list":["post-860","page","type-page","status-publish"],"yoast_head":"<!-- This site is optimized with the Yoast SEO plugin v27.5 - https:\/\/yoast.com\/product\/yoast-seo-wordpress\/ -->\n<title>Online-Marketing -<\/title>\n<meta name=\"robots\" content=\"index, follow, max-snippet:-1, max-image-preview:large, max-video-preview:-1\" \/>\n<link rel=\"canonical\" href=\"https:\/\/www.uebersetzer-texter.de\/de\/online-marketing\/\" \/>\n<meta property=\"og:locale\" content=\"de_DE\" \/>\n<meta property=\"og:type\" content=\"article\" \/>\n<meta property=\"og:title\" content=\"Online-Marketing -\" \/>\n<meta property=\"og:description\" content=\"Ich bin ausgebildeter Online-Marketing-Manager (ptm-Akademie M\u00fcnchen) und helfe Ihnen gerne dabei, dass Ihre Website erfolgreich wird und Sie Ihre Ziele (KPIs) erreichen. Also Produkte oder Dienstleistungen verkaufen. Online-Marketing umfasst alle technischen und inhaltlichen Ma\u00dfnahmen wie Onsite Search Engine Optimization (SEO, Suchmaschinenoptimierung) und OnPage-SEO sowie alle weiteren Aktivit\u00e4ten, um im Internet bekannt zu werden und bei ... Weiterlesen ...\" \/>\n<meta property=\"og:url\" content=\"https:\/\/www.uebersetzer-texter.de\/de\/online-marketing\/\" \/>\n<meta property=\"article:modified_time\" content=\"2025-07-16T12:22:49+00:00\" \/>\n<meta property=\"og:image\" content=\"https:\/\/www.uebersetzer-texter.de\/wp-content\/uploads\/2025\/07\/Online-Marketing-3.jpg\" \/>\n<meta name=\"twitter:card\" content=\"summary_large_image\" \/>\n<meta name=\"twitter:label1\" content=\"Gesch\u00e4tzte Lesezeit\" \/>\n\t<meta name=\"twitter:data1\" content=\"4\u00a0Minuten\" \/>\n<script type=\"application\/ld+json\" class=\"yoast-schema-graph\">{\"@context\":\"https:\\\/\\\/schema.org\",\"@graph\":[{\"@type\":\"WebPage\",\"@id\":\"https:\\\/\\\/www.uebersetzer-texter.de\\\/de\\\/online-marketing\\\/\",\"url\":\"https:\\\/\\\/www.uebersetzer-texter.de\\\/de\\\/online-marketing\\\/\",\"name\":\"Online-Marketing -\",\"isPartOf\":{\"@id\":\"https:\\\/\\\/www.uebersetzer-texter.de\\\/de\\\/#website\"},\"primaryImageOfPage\":{\"@id\":\"https:\\\/\\\/www.uebersetzer-texter.de\\\/de\\\/online-marketing\\\/#primaryimage\"},\"image\":{\"@id\":\"https:\\\/\\\/www.uebersetzer-texter.de\\\/de\\\/online-marketing\\\/#primaryimage\"},\"thumbnailUrl\":\"https:\\\/\\\/www.uebersetzer-texter.de\\\/wp-content\\\/uploads\\\/2025\\\/07\\\/Online-Marketing-3.jpg\",\"datePublished\":\"2025-07-15T16:34:35+00:00\",\"dateModified\":\"2025-07-16T12:22:49+00:00\",\"breadcrumb\":{\"@id\":\"https:\\\/\\\/www.uebersetzer-texter.de\\\/de\\\/online-marketing\\\/#breadcrumb\"},\"inLanguage\":\"de\",\"potentialAction\":[{\"@type\":\"ReadAction\",\"target\":[\"https:\\\/\\\/www.uebersetzer-texter.de\\\/de\\\/online-marketing\\\/\"]}]},{\"@type\":\"ImageObject\",\"inLanguage\":\"de\",\"@id\":\"https:\\\/\\\/www.uebersetzer-texter.de\\\/de\\\/online-marketing\\\/#primaryimage\",\"url\":\"https:\\\/\\\/www.uebersetzer-texter.de\\\/wp-content\\\/uploads\\\/2025\\\/07\\\/Online-Marketing-3.jpg\",\"contentUrl\":\"https:\\\/\\\/www.uebersetzer-texter.de\\\/wp-content\\\/uploads\\\/2025\\\/07\\\/Online-Marketing-3.jpg\"},{\"@type\":\"BreadcrumbList\",\"@id\":\"https:\\\/\\\/www.uebersetzer-texter.de\\\/de\\\/online-marketing\\\/#breadcrumb\",\"itemListElement\":[{\"@type\":\"ListItem\",\"position\":1,\"name\":\"Startseite\",\"item\":\"https:\\\/\\\/www.uebersetzer-texter.de\\\/de\\\/\"},{\"@type\":\"ListItem\",\"position\":2,\"name\":\"Online-Marketing\"}]},{\"@type\":\"WebSite\",\"@id\":\"https:\\\/\\\/www.uebersetzer-texter.de\\\/de\\\/#website\",\"url\":\"https:\\\/\\\/www.uebersetzer-texter.de\\\/de\\\/\",\"name\":\"Peter Sch\u00e4fermeier \u2013 \u00dcbersetzer und Texter\",\"description\":\"Fachgebiete: Marketing, Human Resources, Tourismus, Reisen, PR, Journalismus, psychologische Beratung\",\"publisher\":{\"@id\":\"https:\\\/\\\/www.uebersetzer-texter.de\\\/de\\\/#organization\"},\"potentialAction\":[{\"@type\":\"SearchAction\",\"target\":{\"@type\":\"EntryPoint\",\"urlTemplate\":\"https:\\\/\\\/www.uebersetzer-texter.de\\\/de\\\/?s={search_term_string}\"},\"query-input\":{\"@type\":\"PropertyValueSpecification\",\"valueRequired\":true,\"valueName\":\"search_term_string\"}}],\"inLanguage\":\"de\"},{\"@type\":\"Organization\",\"@id\":\"https:\\\/\\\/www.uebersetzer-texter.de\\\/de\\\/#organization\",\"name\":\"Peter Sch\u00e4fermeier \u2013 \u00dcbersetzer und Texter\",\"url\":\"https:\\\/\\\/www.uebersetzer-texter.de\\\/de\\\/\",\"logo\":{\"@type\":\"ImageObject\",\"inLanguage\":\"de\",\"@id\":\"https:\\\/\\\/www.uebersetzer-texter.de\\\/de\\\/#\\\/schema\\\/logo\\\/image\\\/\",\"url\":\"https:\\\/\\\/www.uebersetzer-texter.de\\\/wp-content\\\/uploads\\\/2023\\\/11\\\/Text-logo.svg\",\"contentUrl\":\"https:\\\/\\\/www.uebersetzer-texter.de\\\/wp-content\\\/uploads\\\/2023\\\/11\\\/Text-logo.svg\",\"width\":500,\"height\":500,\"caption\":\"Peter Sch\u00e4fermeier \u2013 \u00dcbersetzer und Texter\"},\"image\":{\"@id\":\"https:\\\/\\\/www.uebersetzer-texter.de\\\/de\\\/#\\\/schema\\\/logo\\\/image\\\/\"},\"sameAs\":[\"https:\\\/\\\/www.linkedin.com\\\/in\\\/peter-schaefermeier\\\/\"]}]}<\/script>\n<!-- \/ Yoast SEO plugin. -->","yoast_head_json":{"title":"Online-Marketing -","robots":{"index":"index","follow":"follow","max-snippet":"max-snippet:-1","max-image-preview":"max-image-preview:large","max-video-preview":"max-video-preview:-1"},"canonical":"https:\/\/www.uebersetzer-texter.de\/de\/online-marketing\/","og_locale":"de_DE","og_type":"article","og_title":"Online-Marketing -","og_description":"Ich bin ausgebildeter Online-Marketing-Manager (ptm-Akademie M\u00fcnchen) und helfe Ihnen gerne dabei, dass Ihre Website erfolgreich wird und Sie Ihre Ziele (KPIs) erreichen. Also Produkte oder Dienstleistungen verkaufen. Online-Marketing umfasst alle technischen und inhaltlichen Ma\u00dfnahmen wie Onsite Search Engine Optimization (SEO, Suchmaschinenoptimierung) und OnPage-SEO sowie alle weiteren Aktivit\u00e4ten, um im Internet bekannt zu werden und bei ... Weiterlesen ...","og_url":"https:\/\/www.uebersetzer-texter.de\/de\/online-marketing\/","article_modified_time":"2025-07-16T12:22:49+00:00","og_image":[{"url":"https:\/\/www.uebersetzer-texter.de\/wp-content\/uploads\/2025\/07\/Online-Marketing-3.jpg","type":"","width":"","height":""}],"twitter_card":"summary_large_image","twitter_misc":{"Gesch\u00e4tzte Lesezeit":"4\u00a0Minuten"},"schema":{"@context":"https:\/\/schema.org","@graph":[{"@type":"WebPage","@id":"https:\/\/www.uebersetzer-texter.de\/de\/online-marketing\/","url":"https:\/\/www.uebersetzer-texter.de\/de\/online-marketing\/","name":"Online-Marketing -","isPartOf":{"@id":"https:\/\/www.uebersetzer-texter.de\/de\/#website"},"primaryImageOfPage":{"@id":"https:\/\/www.uebersetzer-texter.de\/de\/online-marketing\/#primaryimage"},"image":{"@id":"https:\/\/www.uebersetzer-texter.de\/de\/online-marketing\/#primaryimage"},"thumbnailUrl":"https:\/\/www.uebersetzer-texter.de\/wp-content\/uploads\/2025\/07\/Online-Marketing-3.jpg","datePublished":"2025-07-15T16:34:35+00:00","dateModified":"2025-07-16T12:22:49+00:00","breadcrumb":{"@id":"https:\/\/www.uebersetzer-texter.de\/de\/online-marketing\/#breadcrumb"},"inLanguage":"de","potentialAction":[{"@type":"ReadAction","target":["https:\/\/www.uebersetzer-texter.de\/de\/online-marketing\/"]}]},{"@type":"ImageObject","inLanguage":"de","@id":"https:\/\/www.uebersetzer-texter.de\/de\/online-marketing\/#primaryimage","url":"https:\/\/www.uebersetzer-texter.de\/wp-content\/uploads\/2025\/07\/Online-Marketing-3.jpg","contentUrl":"https:\/\/www.uebersetzer-texter.de\/wp-content\/uploads\/2025\/07\/Online-Marketing-3.jpg"},{"@type":"BreadcrumbList","@id":"https:\/\/www.uebersetzer-texter.de\/de\/online-marketing\/#breadcrumb","itemListElement":[{"@type":"ListItem","position":1,"name":"Startseite","item":"https:\/\/www.uebersetzer-texter.de\/de\/"},{"@type":"ListItem","position":2,"name":"Online-Marketing"}]},{"@type":"WebSite","@id":"https:\/\/www.uebersetzer-texter.de\/de\/#website","url":"https:\/\/www.uebersetzer-texter.de\/de\/","name":"Peter Sch\u00e4fermeier \u2013 \u00dcbersetzer und Texter","description":"Fachgebiete: Marketing, Human Resources, Tourismus, Reisen, PR, Journalismus, psychologische Beratung","publisher":{"@id":"https:\/\/www.uebersetzer-texter.de\/de\/#organization"},"potentialAction":[{"@type":"SearchAction","target":{"@type":"EntryPoint","urlTemplate":"https:\/\/www.uebersetzer-texter.de\/de\/?s={search_term_string}"},"query-input":{"@type":"PropertyValueSpecification","valueRequired":true,"valueName":"search_term_string"}}],"inLanguage":"de"},{"@type":"Organization","@id":"https:\/\/www.uebersetzer-texter.de\/de\/#organization","name":"Peter Sch\u00e4fermeier \u2013 \u00dcbersetzer und Texter","url":"https:\/\/www.uebersetzer-texter.de\/de\/","logo":{"@type":"ImageObject","inLanguage":"de","@id":"https:\/\/www.uebersetzer-texter.de\/de\/#\/schema\/logo\/image\/","url":"https:\/\/www.uebersetzer-texter.de\/wp-content\/uploads\/2023\/11\/Text-logo.svg","contentUrl":"https:\/\/www.uebersetzer-texter.de\/wp-content\/uploads\/2023\/11\/Text-logo.svg","width":500,"height":500,"caption":"Peter Sch\u00e4fermeier \u2013 \u00dcbersetzer und Texter"},"image":{"@id":"https:\/\/www.uebersetzer-texter.de\/de\/#\/schema\/logo\/image\/"},"sameAs":["https:\/\/www.linkedin.com\/in\/peter-schaefermeier\/"]}]}},"_links":{"self":[{"href":"https:\/\/www.uebersetzer-texter.de\/de\/wp-json\/wp\/v2\/pages\/860","targetHints":{"allow":["GET"]}}],"collection":[{"href":"https:\/\/www.uebersetzer-texter.de\/de\/wp-json\/wp\/v2\/pages"}],"about":[{"href":"https:\/\/www.uebersetzer-texter.de\/de\/wp-json\/wp\/v2\/types\/page"}],"author":[{"embeddable":true,"href":"https:\/\/www.uebersetzer-texter.de\/de\/wp-json\/wp\/v2\/users\/3"}],"replies":[{"embeddable":true,"href":"https:\/\/www.uebersetzer-texter.de\/de\/wp-json\/wp\/v2\/comments?post=860"}],"version-history":[{"count":0,"href":"https:\/\/www.uebersetzer-texter.de\/de\/wp-json\/wp\/v2\/pages\/860\/revisions"}],"wp:attachment":[{"href":"https:\/\/www.uebersetzer-texter.de\/de\/wp-json\/wp\/v2\/media?parent=860"}],"curies":[{"name":"wp","href":"https:\/\/api.w.org\/{rel}","templated":true}]}}