{"id":845,"date":"2025-02-27T16:06:59","date_gmt":"2025-02-27T15:06:59","guid":{"rendered":"https:\/\/www.uebersetzer-texter.de\/?page_id=845"},"modified":"2025-02-27T16:07:01","modified_gmt":"2025-02-27T15:07:01","slug":"texten","status":"publish","type":"page","link":"https:\/\/www.uebersetzer-texter.de\/de\/texten\/","title":{"rendered":"Texten"},"content":{"rendered":"\n<p>Sie brauchen Texte, die potentielle Kunden \u00fcberzeugen, ein Produkt zu kaufen, eine Dienstleistung zu buchen oder sich zumindest dar\u00fcber zu informieren? Sie wollen mit Inhalten wie Blogposts Besucher f\u00fcr Ihre Website interessieren? Dann geht es um Texte, die Interesse wecken und Leser auf Ihrer Website halten, um mehr \u00fcber Ihr Angebot zu erfahren oder auf einen Call to Action (CTA) zu klicken. Ich schreibe seit Jahrzehnten f\u00fcr Kunden aus der Sport- und Fitnessbranche, f\u00fcr Reise- und Tourismusunternehmen, Banken und Onlineshops. \u00dcberzeugende Texte, die genau die Zielgruppe ansprechen und Interesse wecken. Sie erhalten suchmaschinenoptimierte Inhalte mit Ihren Keywords, um von potentiellen Kunden gefunden zu werden.<\/p>\n\n\n\n<p>Bei Texten geht es um mehr als Produkte oder Dienstleistungen, es geht um Emotionen und Bed\u00fcrfnisse, um all das wof\u00fcr ein Produkt oder eine Marke steht. Texte vermitteln ein Lebensgef\u00fchl, einen Lebensstil und die Pers\u00f6nlichkeit von Brands. Also all das, was bei Menschen Interesse wecken kann und zu Kaufentscheidungen f\u00fchrt. Texten ist weit mehr als Information, es geht um Kommunikation, um das, was ein Angebot lebendig macht und Menschen vermittelt wird. Mit ihren Zielen und KPIs entstehen Texte, die \u00fcberzeugen, Interesse wecken und die Pers\u00f6nlichkeit Ihrer Marke pr\u00e4sentieren.<\/p>\n","protected":false},"excerpt":{"rendered":"<p>Sie brauchen Texte, die potentielle Kunden \u00fcberzeugen, ein Produkt zu kaufen, eine Dienstleistung zu buchen oder sich zumindest dar\u00fcber zu informieren? Sie wollen mit Inhalten wie Blogposts Besucher f\u00fcr Ihre Website interessieren? Dann geht es um Texte, die Interesse wecken und Leser auf Ihrer Website halten, um mehr \u00fcber Ihr Angebot zu erfahren oder auf &#8230; <a title=\"Texten\" class=\"read-more\" href=\"https:\/\/www.uebersetzer-texter.de\/de\/texten\/\" aria-label=\"Mehr Informationen \u00fcber Texten\">Weiterlesen &#8230;<\/a><\/p>\n","protected":false},"author":3,"featured_media":0,"parent":0,"menu_order":0,"comment_status":"closed","ping_status":"closed","template":"","meta":{"inline_featured_image":false,"footnotes":""},"class_list":["post-845","page","type-page","status-publish"],"yoast_head":"<!-- This site is optimized with the Yoast SEO plugin v27.4 - https:\/\/yoast.com\/product\/yoast-seo-wordpress\/ -->\n<title>Texten -<\/title>\n<meta name=\"robots\" content=\"index, follow, max-snippet:-1, max-image-preview:large, max-video-preview:-1\" \/>\n<link rel=\"canonical\" href=\"https:\/\/www.uebersetzer-texter.de\/de\/texten\/\" \/>\n<meta property=\"og:locale\" content=\"de_DE\" \/>\n<meta property=\"og:type\" content=\"article\" \/>\n<meta property=\"og:title\" content=\"Texten -\" \/>\n<meta property=\"og:description\" content=\"Sie brauchen Texte, die potentielle Kunden \u00fcberzeugen, ein Produkt zu kaufen, eine Dienstleistung zu buchen oder sich zumindest dar\u00fcber zu informieren? Sie wollen mit Inhalten wie Blogposts Besucher f\u00fcr Ihre Website interessieren? Dann geht es um Texte, die Interesse wecken und Leser auf Ihrer Website halten, um mehr \u00fcber Ihr Angebot zu erfahren oder auf ... Weiterlesen ...\" \/>\n<meta property=\"og:url\" content=\"https:\/\/www.uebersetzer-texter.de\/de\/texten\/\" \/>\n<meta property=\"article:modified_time\" content=\"2025-02-27T15:07:01+00:00\" \/>\n<meta name=\"twitter:card\" content=\"summary_large_image\" \/>\n<meta name=\"twitter:label1\" content=\"Gesch\u00e4tzte Lesezeit\" \/>\n\t<meta name=\"twitter:data1\" content=\"2\u00a0Minuten\" \/>\n<script type=\"application\/ld+json\" class=\"yoast-schema-graph\">{\"@context\":\"https:\\\/\\\/schema.org\",\"@graph\":[{\"@type\":\"WebPage\",\"@id\":\"https:\\\/\\\/www.uebersetzer-texter.de\\\/de\\\/texten\\\/\",\"url\":\"https:\\\/\\\/www.uebersetzer-texter.de\\\/de\\\/texten\\\/\",\"name\":\"Texten -\",\"isPartOf\":{\"@id\":\"https:\\\/\\\/www.uebersetzer-texter.de\\\/de\\\/#website\"},\"datePublished\":\"2025-02-27T15:06:59+00:00\",\"dateModified\":\"2025-02-27T15:07:01+00:00\",\"breadcrumb\":{\"@id\":\"https:\\\/\\\/www.uebersetzer-texter.de\\\/de\\\/texten\\\/#breadcrumb\"},\"inLanguage\":\"de\",\"potentialAction\":[{\"@type\":\"ReadAction\",\"target\":[\"https:\\\/\\\/www.uebersetzer-texter.de\\\/de\\\/texten\\\/\"]}]},{\"@type\":\"BreadcrumbList\",\"@id\":\"https:\\\/\\\/www.uebersetzer-texter.de\\\/de\\\/texten\\\/#breadcrumb\",\"itemListElement\":[{\"@type\":\"ListItem\",\"position\":1,\"name\":\"Startseite\",\"item\":\"https:\\\/\\\/www.uebersetzer-texter.de\\\/de\\\/\"},{\"@type\":\"ListItem\",\"position\":2,\"name\":\"Texten\"}]},{\"@type\":\"WebSite\",\"@id\":\"https:\\\/\\\/www.uebersetzer-texter.de\\\/de\\\/#website\",\"url\":\"https:\\\/\\\/www.uebersetzer-texter.de\\\/de\\\/\",\"name\":\"Peter Sch\u00e4fermeier \u2013 \u00dcbersetzer und Texter\",\"description\":\"Fachgebiete: Marketing, Human Resources, Tourismus, Reisen, PR, Journalismus, psychologische Beratung\",\"publisher\":{\"@id\":\"https:\\\/\\\/www.uebersetzer-texter.de\\\/de\\\/#organization\"},\"potentialAction\":[{\"@type\":\"SearchAction\",\"target\":{\"@type\":\"EntryPoint\",\"urlTemplate\":\"https:\\\/\\\/www.uebersetzer-texter.de\\\/de\\\/?s={search_term_string}\"},\"query-input\":{\"@type\":\"PropertyValueSpecification\",\"valueRequired\":true,\"valueName\":\"search_term_string\"}}],\"inLanguage\":\"de\"},{\"@type\":\"Organization\",\"@id\":\"https:\\\/\\\/www.uebersetzer-texter.de\\\/de\\\/#organization\",\"name\":\"Peter Sch\u00e4fermeier \u2013 \u00dcbersetzer und Texter\",\"url\":\"https:\\\/\\\/www.uebersetzer-texter.de\\\/de\\\/\",\"logo\":{\"@type\":\"ImageObject\",\"inLanguage\":\"de\",\"@id\":\"https:\\\/\\\/www.uebersetzer-texter.de\\\/de\\\/#\\\/schema\\\/logo\\\/image\\\/\",\"url\":\"https:\\\/\\\/www.uebersetzer-texter.de\\\/wp-content\\\/uploads\\\/2023\\\/11\\\/Text-logo.svg\",\"contentUrl\":\"https:\\\/\\\/www.uebersetzer-texter.de\\\/wp-content\\\/uploads\\\/2023\\\/11\\\/Text-logo.svg\",\"width\":500,\"height\":500,\"caption\":\"Peter Sch\u00e4fermeier \u2013 \u00dcbersetzer und Texter\"},\"image\":{\"@id\":\"https:\\\/\\\/www.uebersetzer-texter.de\\\/de\\\/#\\\/schema\\\/logo\\\/image\\\/\"},\"sameAs\":[\"https:\\\/\\\/www.linkedin.com\\\/in\\\/peter-schaefermeier\\\/\"]}]}<\/script>\n<!-- \/ Yoast SEO plugin. -->","yoast_head_json":{"title":"Texten -","robots":{"index":"index","follow":"follow","max-snippet":"max-snippet:-1","max-image-preview":"max-image-preview:large","max-video-preview":"max-video-preview:-1"},"canonical":"https:\/\/www.uebersetzer-texter.de\/de\/texten\/","og_locale":"de_DE","og_type":"article","og_title":"Texten -","og_description":"Sie brauchen Texte, die potentielle Kunden \u00fcberzeugen, ein Produkt zu kaufen, eine Dienstleistung zu buchen oder sich zumindest dar\u00fcber zu informieren? Sie wollen mit Inhalten wie Blogposts Besucher f\u00fcr Ihre Website interessieren? Dann geht es um Texte, die Interesse wecken und Leser auf Ihrer Website halten, um mehr \u00fcber Ihr Angebot zu erfahren oder auf ... Weiterlesen ...","og_url":"https:\/\/www.uebersetzer-texter.de\/de\/texten\/","article_modified_time":"2025-02-27T15:07:01+00:00","twitter_card":"summary_large_image","twitter_misc":{"Gesch\u00e4tzte Lesezeit":"2\u00a0Minuten"},"schema":{"@context":"https:\/\/schema.org","@graph":[{"@type":"WebPage","@id":"https:\/\/www.uebersetzer-texter.de\/de\/texten\/","url":"https:\/\/www.uebersetzer-texter.de\/de\/texten\/","name":"Texten -","isPartOf":{"@id":"https:\/\/www.uebersetzer-texter.de\/de\/#website"},"datePublished":"2025-02-27T15:06:59+00:00","dateModified":"2025-02-27T15:07:01+00:00","breadcrumb":{"@id":"https:\/\/www.uebersetzer-texter.de\/de\/texten\/#breadcrumb"},"inLanguage":"de","potentialAction":[{"@type":"ReadAction","target":["https:\/\/www.uebersetzer-texter.de\/de\/texten\/"]}]},{"@type":"BreadcrumbList","@id":"https:\/\/www.uebersetzer-texter.de\/de\/texten\/#breadcrumb","itemListElement":[{"@type":"ListItem","position":1,"name":"Startseite","item":"https:\/\/www.uebersetzer-texter.de\/de\/"},{"@type":"ListItem","position":2,"name":"Texten"}]},{"@type":"WebSite","@id":"https:\/\/www.uebersetzer-texter.de\/de\/#website","url":"https:\/\/www.uebersetzer-texter.de\/de\/","name":"Peter Sch\u00e4fermeier \u2013 \u00dcbersetzer und Texter","description":"Fachgebiete: Marketing, Human Resources, Tourismus, Reisen, PR, Journalismus, psychologische Beratung","publisher":{"@id":"https:\/\/www.uebersetzer-texter.de\/de\/#organization"},"potentialAction":[{"@type":"SearchAction","target":{"@type":"EntryPoint","urlTemplate":"https:\/\/www.uebersetzer-texter.de\/de\/?s={search_term_string}"},"query-input":{"@type":"PropertyValueSpecification","valueRequired":true,"valueName":"search_term_string"}}],"inLanguage":"de"},{"@type":"Organization","@id":"https:\/\/www.uebersetzer-texter.de\/de\/#organization","name":"Peter Sch\u00e4fermeier \u2013 \u00dcbersetzer und Texter","url":"https:\/\/www.uebersetzer-texter.de\/de\/","logo":{"@type":"ImageObject","inLanguage":"de","@id":"https:\/\/www.uebersetzer-texter.de\/de\/#\/schema\/logo\/image\/","url":"https:\/\/www.uebersetzer-texter.de\/wp-content\/uploads\/2023\/11\/Text-logo.svg","contentUrl":"https:\/\/www.uebersetzer-texter.de\/wp-content\/uploads\/2023\/11\/Text-logo.svg","width":500,"height":500,"caption":"Peter Sch\u00e4fermeier \u2013 \u00dcbersetzer und Texter"},"image":{"@id":"https:\/\/www.uebersetzer-texter.de\/de\/#\/schema\/logo\/image\/"},"sameAs":["https:\/\/www.linkedin.com\/in\/peter-schaefermeier\/"]}]}},"_links":{"self":[{"href":"https:\/\/www.uebersetzer-texter.de\/de\/wp-json\/wp\/v2\/pages\/845","targetHints":{"allow":["GET"]}}],"collection":[{"href":"https:\/\/www.uebersetzer-texter.de\/de\/wp-json\/wp\/v2\/pages"}],"about":[{"href":"https:\/\/www.uebersetzer-texter.de\/de\/wp-json\/wp\/v2\/types\/page"}],"author":[{"embeddable":true,"href":"https:\/\/www.uebersetzer-texter.de\/de\/wp-json\/wp\/v2\/users\/3"}],"replies":[{"embeddable":true,"href":"https:\/\/www.uebersetzer-texter.de\/de\/wp-json\/wp\/v2\/comments?post=845"}],"version-history":[{"count":0,"href":"https:\/\/www.uebersetzer-texter.de\/de\/wp-json\/wp\/v2\/pages\/845\/revisions"}],"wp:attachment":[{"href":"https:\/\/www.uebersetzer-texter.de\/de\/wp-json\/wp\/v2\/media?parent=845"}],"curies":[{"name":"wp","href":"https:\/\/api.w.org\/{rel}","templated":true}]}}