{"id":565,"date":"2023-11-09T04:58:14","date_gmt":"2023-11-09T03:58:14","guid":{"rendered":"https:\/\/www.uebersetzer-texter.de\/?page_id=565"},"modified":"2025-09-15T18:15:33","modified_gmt":"2025-09-15T16:15:33","slug":"impressum","status":"publish","type":"page","link":"https:\/\/www.uebersetzer-texter.de\/de\/impressum\/","title":{"rendered":"Impressum"},"content":{"rendered":"\n<h3 class=\"wp-block-heading\" id=\"h-angaben-gemass-5-tmg\">Angaben gem\u00e4\u00df \u00a7 5 TMG<\/h3>\n\n\n\n<p>Peter Sch\u00e4fermeier<br>Freiberuflicher \u00dcbersetzer<br>Aspenstra\u00dfe 5a<br>59597 Erwitte<\/p>\n\n\n\n<h3 class=\"wp-block-heading\" id=\"h-kontakt\">Kontakt<\/h3>\n\n\n\n<figure class=\"wp-block-image size-full\"><img loading=\"lazy\" decoding=\"async\" width=\"276\" height=\"89\" src=\"https:\/\/www.uebersetzer-texter.de\/wp-content\/uploads\/2025\/09\/Kontakt.jpg\" alt=\"Kontakt\" class=\"wp-image-914\"\/><\/figure>\n\n\n\n<p><\/p>\n\n\n\n<h3 class=\"wp-block-heading\" id=\"h-umsatzsteuer-id\">Umsatzsteuer-ID<\/h3>\n\n\n\n<p>Umsatzsteuer-Identifikationsnummer gem\u00e4\u00df \u00a7 27 a Umsatzsteuergesetz:<br>DE308357594<\/p>\n\n\n\n<h3 class=\"wp-block-heading\" id=\"h-redaktionell-verantwortlich\">Redaktionell verantwortlich<\/h3>\n\n\n\n<p>Peter Sch\u00e4fermeier<br>Aspenstra\u00dfe 5a<br>59597 Erwitte<\/p>\n\n\n\n<h3 class=\"wp-block-heading\" id=\"h-eu-streitschlichtung\">EU-Streitschlichtung<\/h3>\n\n\n\n<p>Die Europ\u00e4ische Kommission stellt eine Plattform zur Online-Streitbeilegung (OS) bereit:&nbsp;<a href=\"https:\/\/ec.europa.eu\/consumers\/odr\/\" target=\"_blank\" rel=\"noreferrer noopener\">https:\/\/ec.europa.eu\/consumers\/odr\/<\/a>.<br>Unsere E-Mail-Adresse finden Sie oben im Impressum.<\/p>\n\n\n\n<h3 class=\"wp-block-heading\" id=\"h-verbraucher-streit-beilegung-universal-schlichtungs-stelle\">Verbraucher\u00adstreit\u00adbeilegung\/Universal\u00adschlichtungs\u00adstelle<\/h3>\n\n\n\n<p>Wir nehmen an einem Streitbeilegungsverfahren vor einer Verbraucherschlichtungsstelle teil. Zust\u00e4ndig ist die Universalschlichtungsstelle des Zentrums f\u00fcr Schlichtung e.V., Stra\u00dfburger Stra\u00dfe 8, 77694 Kehl am Rhein (<a href=\"https:\/\/www.verbraucher-schlichter.de\/\" rel=\"noreferrer noopener\" target=\"_blank\">https:\/\/www.verbraucher-schlichter.de<\/a>).<\/p>\n","protected":false},"excerpt":{"rendered":"<p>Angaben gem\u00e4\u00df \u00a7 5 TMG Peter Sch\u00e4fermeierFreiberuflicher \u00dcbersetzerAspenstra\u00dfe 5a59597 Erwitte Kontakt Umsatzsteuer-ID Umsatzsteuer-Identifikationsnummer gem\u00e4\u00df \u00a7 27 a Umsatzsteuergesetz:DE308357594 Redaktionell verantwortlich Peter Sch\u00e4fermeierAspenstra\u00dfe 5a59597 Erwitte EU-Streitschlichtung Die Europ\u00e4ische Kommission stellt eine Plattform zur Online-Streitbeilegung (OS) bereit:&nbsp;https:\/\/ec.europa.eu\/consumers\/odr\/.Unsere E-Mail-Adresse finden Sie oben im Impressum. Verbraucher\u00adstreit\u00adbeilegung\/Universal\u00adschlichtungs\u00adstelle Wir nehmen an einem Streitbeilegungsverfahren vor einer Verbraucherschlichtungsstelle teil. Zust\u00e4ndig ist die Universalschlichtungsstelle &#8230; <a title=\"Impressum\" class=\"read-more\" href=\"https:\/\/www.uebersetzer-texter.de\/de\/impressum\/\" aria-label=\"Mehr Informationen \u00fcber Impressum\">Weiterlesen &#8230;<\/a><\/p>\n","protected":false},"author":3,"featured_media":0,"parent":0,"menu_order":0,"comment_status":"closed","ping_status":"closed","template":"","meta":{"inline_featured_image":false,"footnotes":""},"class_list":["post-565","page","type-page","status-publish"],"yoast_head":"<!-- This site is optimized with the Yoast SEO plugin v27.5 - https:\/\/yoast.com\/product\/yoast-seo-wordpress\/ -->\n<title>Impressum -<\/title>\n<meta name=\"robots\" content=\"index, follow, max-snippet:-1, max-image-preview:large, max-video-preview:-1\" \/>\n<link rel=\"canonical\" href=\"https:\/\/www.uebersetzer-texter.de\/de\/impressum\/\" \/>\n<meta property=\"og:locale\" content=\"de_DE\" \/>\n<meta property=\"og:type\" content=\"article\" \/>\n<meta property=\"og:title\" content=\"Impressum -\" \/>\n<meta property=\"og:description\" content=\"Angaben gem\u00e4\u00df \u00a7 5 TMG Peter Sch\u00e4fermeierFreiberuflicher \u00dcbersetzerAspenstra\u00dfe 5a59597 Erwitte Kontakt Umsatzsteuer-ID Umsatzsteuer-Identifikationsnummer gem\u00e4\u00df \u00a7 27 a Umsatzsteuergesetz:DE308357594 Redaktionell verantwortlich Peter Sch\u00e4fermeierAspenstra\u00dfe 5a59597 Erwitte EU-Streitschlichtung Die Europ\u00e4ische Kommission stellt eine Plattform zur Online-Streitbeilegung (OS) bereit:&nbsp;https:\/\/ec.europa.eu\/consumers\/odr\/.Unsere E-Mail-Adresse finden Sie oben im Impressum. Verbraucher\u00adstreit\u00adbeilegung\/Universal\u00adschlichtungs\u00adstelle Wir nehmen an einem Streitbeilegungsverfahren vor einer Verbraucherschlichtungsstelle teil. Zust\u00e4ndig ist die Universalschlichtungsstelle ... Weiterlesen ...\" \/>\n<meta property=\"og:url\" content=\"https:\/\/www.uebersetzer-texter.de\/de\/impressum\/\" \/>\n<meta property=\"article:modified_time\" content=\"2025-09-15T16:15:33+00:00\" \/>\n<meta property=\"og:image\" content=\"https:\/\/www.uebersetzer-texter.de\/wp-content\/uploads\/2025\/09\/Kontakt.jpg\" \/>\n<meta name=\"twitter:card\" content=\"summary_large_image\" \/>\n<meta name=\"twitter:label1\" content=\"Gesch\u00e4tzte Lesezeit\" \/>\n\t<meta name=\"twitter:data1\" content=\"1\u00a0Minute\" \/>\n<script type=\"application\/ld+json\" class=\"yoast-schema-graph\">{\"@context\":\"https:\\\/\\\/schema.org\",\"@graph\":[{\"@type\":\"WebPage\",\"@id\":\"https:\\\/\\\/www.uebersetzer-texter.de\\\/de\\\/impressum\\\/\",\"url\":\"https:\\\/\\\/www.uebersetzer-texter.de\\\/de\\\/impressum\\\/\",\"name\":\"Impressum -\",\"isPartOf\":{\"@id\":\"https:\\\/\\\/www.uebersetzer-texter.de\\\/de\\\/#website\"},\"primaryImageOfPage\":{\"@id\":\"https:\\\/\\\/www.uebersetzer-texter.de\\\/de\\\/impressum\\\/#primaryimage\"},\"image\":{\"@id\":\"https:\\\/\\\/www.uebersetzer-texter.de\\\/de\\\/impressum\\\/#primaryimage\"},\"thumbnailUrl\":\"https:\\\/\\\/www.uebersetzer-texter.de\\\/wp-content\\\/uploads\\\/2025\\\/09\\\/Kontakt.jpg\",\"datePublished\":\"2023-11-09T03:58:14+00:00\",\"dateModified\":\"2025-09-15T16:15:33+00:00\",\"breadcrumb\":{\"@id\":\"https:\\\/\\\/www.uebersetzer-texter.de\\\/de\\\/impressum\\\/#breadcrumb\"},\"inLanguage\":\"de\",\"potentialAction\":[{\"@type\":\"ReadAction\",\"target\":[\"https:\\\/\\\/www.uebersetzer-texter.de\\\/de\\\/impressum\\\/\"]}]},{\"@type\":\"ImageObject\",\"inLanguage\":\"de\",\"@id\":\"https:\\\/\\\/www.uebersetzer-texter.de\\\/de\\\/impressum\\\/#primaryimage\",\"url\":\"https:\\\/\\\/www.uebersetzer-texter.de\\\/wp-content\\\/uploads\\\/2025\\\/09\\\/Kontakt.jpg\",\"contentUrl\":\"https:\\\/\\\/www.uebersetzer-texter.de\\\/wp-content\\\/uploads\\\/2025\\\/09\\\/Kontakt.jpg\"},{\"@type\":\"BreadcrumbList\",\"@id\":\"https:\\\/\\\/www.uebersetzer-texter.de\\\/de\\\/impressum\\\/#breadcrumb\",\"itemListElement\":[{\"@type\":\"ListItem\",\"position\":1,\"name\":\"Startseite\",\"item\":\"https:\\\/\\\/www.uebersetzer-texter.de\\\/de\\\/\"},{\"@type\":\"ListItem\",\"position\":2,\"name\":\"Impressum\"}]},{\"@type\":\"WebSite\",\"@id\":\"https:\\\/\\\/www.uebersetzer-texter.de\\\/de\\\/#website\",\"url\":\"https:\\\/\\\/www.uebersetzer-texter.de\\\/de\\\/\",\"name\":\"Peter Sch\u00e4fermeier \u2013 \u00dcbersetzer und Texter\",\"description\":\"Fachgebiete: Marketing, Human Resources, Tourismus, Reisen, PR, Journalismus, psychologische Beratung\",\"publisher\":{\"@id\":\"https:\\\/\\\/www.uebersetzer-texter.de\\\/de\\\/#organization\"},\"potentialAction\":[{\"@type\":\"SearchAction\",\"target\":{\"@type\":\"EntryPoint\",\"urlTemplate\":\"https:\\\/\\\/www.uebersetzer-texter.de\\\/de\\\/?s={search_term_string}\"},\"query-input\":{\"@type\":\"PropertyValueSpecification\",\"valueRequired\":true,\"valueName\":\"search_term_string\"}}],\"inLanguage\":\"de\"},{\"@type\":\"Organization\",\"@id\":\"https:\\\/\\\/www.uebersetzer-texter.de\\\/de\\\/#organization\",\"name\":\"Peter Sch\u00e4fermeier \u2013 \u00dcbersetzer und Texter\",\"url\":\"https:\\\/\\\/www.uebersetzer-texter.de\\\/de\\\/\",\"logo\":{\"@type\":\"ImageObject\",\"inLanguage\":\"de\",\"@id\":\"https:\\\/\\\/www.uebersetzer-texter.de\\\/de\\\/#\\\/schema\\\/logo\\\/image\\\/\",\"url\":\"https:\\\/\\\/www.uebersetzer-texter.de\\\/wp-content\\\/uploads\\\/2023\\\/11\\\/Text-logo.svg\",\"contentUrl\":\"https:\\\/\\\/www.uebersetzer-texter.de\\\/wp-content\\\/uploads\\\/2023\\\/11\\\/Text-logo.svg\",\"width\":500,\"height\":500,\"caption\":\"Peter Sch\u00e4fermeier \u2013 \u00dcbersetzer und Texter\"},\"image\":{\"@id\":\"https:\\\/\\\/www.uebersetzer-texter.de\\\/de\\\/#\\\/schema\\\/logo\\\/image\\\/\"},\"sameAs\":[\"https:\\\/\\\/www.linkedin.com\\\/in\\\/peter-schaefermeier\\\/\"]}]}<\/script>\n<!-- \/ Yoast SEO plugin. -->","yoast_head_json":{"title":"Impressum -","robots":{"index":"index","follow":"follow","max-snippet":"max-snippet:-1","max-image-preview":"max-image-preview:large","max-video-preview":"max-video-preview:-1"},"canonical":"https:\/\/www.uebersetzer-texter.de\/de\/impressum\/","og_locale":"de_DE","og_type":"article","og_title":"Impressum -","og_description":"Angaben gem\u00e4\u00df \u00a7 5 TMG Peter Sch\u00e4fermeierFreiberuflicher \u00dcbersetzerAspenstra\u00dfe 5a59597 Erwitte Kontakt Umsatzsteuer-ID Umsatzsteuer-Identifikationsnummer gem\u00e4\u00df \u00a7 27 a Umsatzsteuergesetz:DE308357594 Redaktionell verantwortlich Peter Sch\u00e4fermeierAspenstra\u00dfe 5a59597 Erwitte EU-Streitschlichtung Die Europ\u00e4ische Kommission stellt eine Plattform zur Online-Streitbeilegung (OS) bereit:&nbsp;https:\/\/ec.europa.eu\/consumers\/odr\/.Unsere E-Mail-Adresse finden Sie oben im Impressum. Verbraucher\u00adstreit\u00adbeilegung\/Universal\u00adschlichtungs\u00adstelle Wir nehmen an einem Streitbeilegungsverfahren vor einer Verbraucherschlichtungsstelle teil. Zust\u00e4ndig ist die Universalschlichtungsstelle ... Weiterlesen ...","og_url":"https:\/\/www.uebersetzer-texter.de\/de\/impressum\/","article_modified_time":"2025-09-15T16:15:33+00:00","og_image":[{"url":"https:\/\/www.uebersetzer-texter.de\/wp-content\/uploads\/2025\/09\/Kontakt.jpg","type":"","width":"","height":""}],"twitter_card":"summary_large_image","twitter_misc":{"Gesch\u00e4tzte Lesezeit":"1\u00a0Minute"},"schema":{"@context":"https:\/\/schema.org","@graph":[{"@type":"WebPage","@id":"https:\/\/www.uebersetzer-texter.de\/de\/impressum\/","url":"https:\/\/www.uebersetzer-texter.de\/de\/impressum\/","name":"Impressum -","isPartOf":{"@id":"https:\/\/www.uebersetzer-texter.de\/de\/#website"},"primaryImageOfPage":{"@id":"https:\/\/www.uebersetzer-texter.de\/de\/impressum\/#primaryimage"},"image":{"@id":"https:\/\/www.uebersetzer-texter.de\/de\/impressum\/#primaryimage"},"thumbnailUrl":"https:\/\/www.uebersetzer-texter.de\/wp-content\/uploads\/2025\/09\/Kontakt.jpg","datePublished":"2023-11-09T03:58:14+00:00","dateModified":"2025-09-15T16:15:33+00:00","breadcrumb":{"@id":"https:\/\/www.uebersetzer-texter.de\/de\/impressum\/#breadcrumb"},"inLanguage":"de","potentialAction":[{"@type":"ReadAction","target":["https:\/\/www.uebersetzer-texter.de\/de\/impressum\/"]}]},{"@type":"ImageObject","inLanguage":"de","@id":"https:\/\/www.uebersetzer-texter.de\/de\/impressum\/#primaryimage","url":"https:\/\/www.uebersetzer-texter.de\/wp-content\/uploads\/2025\/09\/Kontakt.jpg","contentUrl":"https:\/\/www.uebersetzer-texter.de\/wp-content\/uploads\/2025\/09\/Kontakt.jpg"},{"@type":"BreadcrumbList","@id":"https:\/\/www.uebersetzer-texter.de\/de\/impressum\/#breadcrumb","itemListElement":[{"@type":"ListItem","position":1,"name":"Startseite","item":"https:\/\/www.uebersetzer-texter.de\/de\/"},{"@type":"ListItem","position":2,"name":"Impressum"}]},{"@type":"WebSite","@id":"https:\/\/www.uebersetzer-texter.de\/de\/#website","url":"https:\/\/www.uebersetzer-texter.de\/de\/","name":"Peter Sch\u00e4fermeier \u2013 \u00dcbersetzer und Texter","description":"Fachgebiete: Marketing, Human Resources, Tourismus, Reisen, PR, Journalismus, psychologische Beratung","publisher":{"@id":"https:\/\/www.uebersetzer-texter.de\/de\/#organization"},"potentialAction":[{"@type":"SearchAction","target":{"@type":"EntryPoint","urlTemplate":"https:\/\/www.uebersetzer-texter.de\/de\/?s={search_term_string}"},"query-input":{"@type":"PropertyValueSpecification","valueRequired":true,"valueName":"search_term_string"}}],"inLanguage":"de"},{"@type":"Organization","@id":"https:\/\/www.uebersetzer-texter.de\/de\/#organization","name":"Peter Sch\u00e4fermeier \u2013 \u00dcbersetzer und Texter","url":"https:\/\/www.uebersetzer-texter.de\/de\/","logo":{"@type":"ImageObject","inLanguage":"de","@id":"https:\/\/www.uebersetzer-texter.de\/de\/#\/schema\/logo\/image\/","url":"https:\/\/www.uebersetzer-texter.de\/wp-content\/uploads\/2023\/11\/Text-logo.svg","contentUrl":"https:\/\/www.uebersetzer-texter.de\/wp-content\/uploads\/2023\/11\/Text-logo.svg","width":500,"height":500,"caption":"Peter Sch\u00e4fermeier \u2013 \u00dcbersetzer und Texter"},"image":{"@id":"https:\/\/www.uebersetzer-texter.de\/de\/#\/schema\/logo\/image\/"},"sameAs":["https:\/\/www.linkedin.com\/in\/peter-schaefermeier\/"]}]}},"_links":{"self":[{"href":"https:\/\/www.uebersetzer-texter.de\/de\/wp-json\/wp\/v2\/pages\/565","targetHints":{"allow":["GET"]}}],"collection":[{"href":"https:\/\/www.uebersetzer-texter.de\/de\/wp-json\/wp\/v2\/pages"}],"about":[{"href":"https:\/\/www.uebersetzer-texter.de\/de\/wp-json\/wp\/v2\/types\/page"}],"author":[{"embeddable":true,"href":"https:\/\/www.uebersetzer-texter.de\/de\/wp-json\/wp\/v2\/users\/3"}],"replies":[{"embeddable":true,"href":"https:\/\/www.uebersetzer-texter.de\/de\/wp-json\/wp\/v2\/comments?post=565"}],"version-history":[{"count":0,"href":"https:\/\/www.uebersetzer-texter.de\/de\/wp-json\/wp\/v2\/pages\/565\/revisions"}],"wp:attachment":[{"href":"https:\/\/www.uebersetzer-texter.de\/de\/wp-json\/wp\/v2\/media?parent=565"}],"curies":[{"name":"wp","href":"https:\/\/api.w.org\/{rel}","templated":true}]}}